{"id":31077,"date":"2025-10-13T18:14:12","date_gmt":"2025-10-13T21:14:12","guid":{"rendered":"https:\/\/amazonclimatehub.org\/?page_id=31077"},"modified":"2025-10-29T14:50:40","modified_gmt":"2025-10-29T17:50:40","slug":"apoie-o-instituto-arayara-e-quem-defende-a-vida","status":"publish","type":"page","link":"https:\/\/amazonclimatehub.org\/?page_id=31077","title":{"rendered":"Apoie o Instituto ARAYARA e quem defende a vida"},"content":{"rendered":"<div class=\"wpb-content-wrapper\"><p>[vc_row][vc_column][vc_column_text css=&#8221;&#8221;]<\/p>\n<h6>Apoie o Instituto ARAYARA e quem defende a vida<\/h6>\n<p>[\/vc_column_text][vc_column_text css=&#8221;&#8221;]Para impulsionar as causas defendidas pelo Instituto ARAYARA e apoiar as comunidades impactadas pelos combust\u00edveis f\u00f3sseis, \u00e9 poss\u00edvel fazer doa\u00e7\u00f5es que direcionam recursos para atividades de defesa socioambiental, educa\u00e7\u00e3o para sustentabilidade e promo\u00e7\u00e3o da transi\u00e7\u00e3o energ\u00e9tica justa. Essas doa\u00e7\u00f5es fortalecem o trabalho do Instituto em monitorar e combater os efeitos negativos da extra\u00e7\u00e3o e uso dos combust\u00edveis f\u00f3sseis, al\u00e9m de promover programas de apoio \u00e0s popula\u00e7\u00f5es afetadas pela polui\u00e7\u00e3o e degrada\u00e7\u00e3o ambiental causada por essas atividades. Contribuir financeiramente com o Instituto ARAYARA significa colaborar diretamente para a constru\u00e7\u00e3o de solu\u00e7\u00f5es que promovem justi\u00e7a ambiental e prote\u00e7\u00e3o dos direitos humanos, que s\u00e3o fundamentais para uma transforma\u00e7\u00e3o socioambiental justa e sustent\u00e1vel.[\/vc_column_text][vc_empty_space][vc_raw_html css=&#8221;&#8221;]JTNDZGl2JTIwaWQlM0QlMjJwYXlwYWwtY29udGFpbmVyLUpaWDhVNVk4WU1SQjglMjIlM0UlM0MlMkZkaXYlM0UlMEElM0NzY3JpcHQlM0UlMEElMjAlMjBwYXlwYWwuSG9zdGVkQnV0dG9ucyUyOCU3QiUwQSUyMCUyMCUyMCUyMGhvc3RlZEJ1dHRvbklkJTNBJTIwJTIySlpYOFU1WThZTVJCOCUyMiUyQyUwQSUyMCUyMCU3RCUyOS5yZW5kZXIlMjglMjIlMjNwYXlwYWwtY29udGFpbmVyLUpaWDhVNVk4WU1SQjglMjIlMjklMEElM0MlMkZzY3JpcHQlM0U=[\/vc_raw_html][vc_raw_html css=&#8221;&#8221;]JTNDZGl2JTIwaWQlM0QlMjJwYXlwYWwtYnV0dG9uLWNvbnRhaW5lci1QLTBHVjgxMzM5WTE5NjI4NTRDTkRYNU1LSSUyMiUzRSUzQyUyRmRpdiUzRSUwQSUzQ3NjcmlwdCUyMHNyYyUzRCUyMmh0dHBzJTNBJTJGJTJGd3d3LnBheXBhbC5jb20lMkZzZGslMkZqcyUzRmNsaWVudC1pZCUzREFaTl9vSFlSVkdiSXZBOERjXzhzeHBhV1htWjMxNWFHZ3Z4Qk5HOTJPdno1VkRkMGgtR1dfVU1RN01vT2ZoQjVid0VFMFJwazlVV0pCS3pvJTI2dmF1bHQlM0R0cnVlJTI2aW50ZW50JTNEc3Vic2NyaXB0aW9uJTIyJTIwZGF0YS1zZGstaW50ZWdyYXRpb24tc291cmNlJTNEJTIyYnV0dG9uLWZhY3RvcnklMjIlM0UlM0MlMkZzY3JpcHQlM0UlMEElM0NzY3JpcHQlM0UlMEElMjAlMjBwYXlwYWwuQnV0dG9ucyUyOCU3QiUwQSUyMCUyMCUyMCUyMCUyMCUyMHN0eWxlJTNBJTIwJTdCJTBBJTIwJTIwJTIwJTIwJTIwJTIwJTIwJTIwJTIwJTIwc2hhcGUlM0ElMjAlMjdyZWN0JTI3JTJDJTBBJTIwJTIwJTIwJTIwJTIwJTIwJTIwJTIwJTIwJTIwY29sb3IlM0ElMjAlMjdnb2xkJTI3JTJDJTBBJTIwJTIwJTIwJTIwJTIwJTIwJTIwJTIwJTIwJTIwbGF5b3V0JTNBJTIwJTI3dmVydGljYWwlMjclMkMlMEElMjAlMjAlMjAlMjAlMjAlMjAlMjAlMjAlMjAlMjBsYWJlbCUzQSUyMCUyN3N1YnNjcmliZSUyNyUwQSUyMCUyMCUyMCUyMCUyMCUyMCU3RCUyQyUwQSUyMCUyMCUyMCUyMCUyMCUyMGNyZWF0ZVN1YnNjcmlwdGlvbiUzQSUyMGZ1bmN0aW9uJTI4ZGF0YSUyQyUyMGFjdGlvbnMlMjklMjAlN0IlMEElMjAlMjAlMjAlMjAlMjAlMjAlMjAlMjByZXR1cm4lMjBhY3Rpb25zLnN1YnNjcmlwdGlvbi5jcmVhdGUlMjglN0IlMEElMjAlMjAlMjAlMjAlMjAlMjAlMjAlMjAlMjAlMjAlMkYlMkElMjBDcmVhdGVzJTIwdGhlJTIwc3Vic2NyaXB0aW9uJTIwJTJBJTJGJTBBJTIwJTIwJTIwJTIwJTIwJTIwJTIwJTIwJTIwJTIwcGxhbl9pZCUzQSUyMCUyN1AtMEdWODEzMzlZMTk2Mjg1NENORFg1TUtJJTI3JTJDJTBBJTIwJTIwJTIwJTIwJTIwJTIwJTIwJTIwJTIwJTIwcXVhbnRpdHklM0ElMjAxJTIwJTJGJTJGJTIwVGhlJTIwcXVhbnRpdHklMjBvZiUyMHRoZSUyMHByb2R1Y3QlMjBmb3IlMjBhJTIwc3Vic2NyaXB0aW9uJTBBJTIwJTIwJTIwJTIwJTIwJTIwJTIwJTIwJTdEJTI5JTNCJTBBJTIwJTIwJTIwJTIwJTIwJTIwJTdEJTJDJTBBJTIwJTIwJTIwJTIwJTIwJTIwb25BcHByb3ZlJTNBJTIwZnVuY3Rpb24lMjhkYXRhJTJDJTIwYWN0aW9ucyUyOSUyMCU3QiUwQSUyMCUyMCUyMCUyMCUyMCUyMCUyMCUyMGFsZXJ0JTI4ZGF0YS5zdWJzY3JpcHRpb25JRCUyOSUzQiUyMCUyRiUyRiUyMFlvdSUyMGNhbiUyMGFkZCUyMG9wdGlvbmFsJTIwc3VjY2VzcyUyMG1lc3NhZ2UlMjBmb3IlMjB0aGUlMjBzdWJzY3JpYmVyJTIwaGVyZSUwQSUyMCUyMCUyMCUyMCUyMCUyMCU3RCUwQSUyMCUyMCU3RCUyOS5yZW5kZXIlMjglMjclMjNwYXlwYWwtYnV0dG9uLWNvbnRhaW5lci1QLTBHVjgxMzM5WTE5NjI4NTRDTkRYNU1LSSUyNyUyOSUzQiUyMCUyRiUyRiUyMFJlbmRlcnMlMjB0aGUlMjBQYXlQYWwlMjBidXR0b24lMEElM0MlMkZzY3JpcHQlM0U=[\/vc_raw_html][\/vc_column][\/vc_row][vc_row full_width=&#8221;stretch_row_content_no_spaces&#8221; css=&#8221;.vc_custom_1760392466966{background-image: url(https:\/\/amazonclimatehub.org\/wp-content\/uploads\/2025\/10\/Ato_16_06_25-002_3.gif?id=31083) !important;}&#8221; min_height=&#8221;100%&#8221;][vc_column][vc_empty_space height=&#8221;960px&#8221;][\/vc_column][\/vc_row][vc_row][vc_column][\/vc_column][\/vc_row]<\/p>\n<\/div>","protected":false},"excerpt":{"rendered":"<p>[vc_row][vc_column][vc_column_text css=&#8221;&#8221;] Apoie o Instituto ARAYARA e quem defende a vida [\/vc_column_text][vc_column_text css=&#8221;&#8221;]Para impulsionar as causas defendidas pelo Instituto ARAYARA e apoiar as comunidades impactadas pelos combust\u00edveis f\u00f3sseis, \u00e9 poss\u00edvel fazer doa\u00e7\u00f5es que direcionam recursos para atividades de defesa socioambiental,&#8230;<\/p>\n","protected":false},"author":6,"featured_media":0,"parent":0,"menu_order":0,"comment_status":"closed","ping_status":"closed","template":"","meta":{"_eb_attr":"","_themeisle_gutenberg_block_has_review":false,"footnotes":""},"class_list":["post-31077","page","type-page","status-publish","hentry"],"yoast_head":"<!-- This site is optimized with the Yoast SEO plugin v26.2 - https:\/\/yoast.com\/wordpress\/plugins\/seo\/ -->\n<title>Apoie o Instituto ARAYARA e quem defende a vida - Amazon Climate Hub<\/title>\n<meta name=\"robots\" content=\"index, follow, max-snippet:-1, max-image-preview:large, max-video-preview:-1\" \/>\n<link rel=\"canonical\" href=\"https:\/\/amazonclimatehub.org\/?page_id=31077\" \/>\n<meta property=\"og:locale\" content=\"pt_BR\" \/>\n<meta property=\"og:type\" content=\"article\" \/>\n<meta property=\"og:title\" content=\"Apoie o Instituto ARAYARA e quem defende a vida - Amazon Climate Hub\" \/>\n<meta property=\"og:description\" content=\"[vc_row][vc_column][vc_column_text css=&#8221;&#8221;] Apoie o Instituto ARAYARA e quem defende a vida [\/vc_column_text][vc_column_text css=&#8221;&#8221;]Para impulsionar as causas defendidas pelo Instituto ARAYARA e apoiar as comunidades impactadas pelos combust\u00edveis f\u00f3sseis, \u00e9 poss\u00edvel fazer doa\u00e7\u00f5es que direcionam recursos para atividades de defesa socioambiental,...\" \/>\n<meta property=\"og:url\" content=\"https:\/\/amazonclimatehub.org\/?page_id=31077\" \/>\n<meta property=\"og:site_name\" content=\"Amazon Climate Hub\" \/>\n<meta property=\"article:publisher\" content=\"https:\/\/www.facebook.com\/arayaraoficial\" \/>\n<meta property=\"article:modified_time\" content=\"2025-10-29T17:50:40+00:00\" \/>\n<meta name=\"twitter:card\" content=\"summary_large_image\" \/>\n<meta name=\"twitter:site\" content=\"@arayaraoficial\" \/>\n<meta name=\"twitter:label1\" content=\"Est. tempo de leitura\" \/>\n\t<meta name=\"twitter:data1\" content=\"1 minuto\" \/>\n<script type=\"application\/ld+json\" class=\"yoast-schema-graph\">{\"@context\":\"https:\/\/schema.org\",\"@graph\":[{\"@type\":\"WebPage\",\"@id\":\"https:\/\/amazonclimatehub.org\/?page_id=31077\",\"url\":\"https:\/\/amazonclimatehub.org\/?page_id=31077\",\"name\":\"Apoie o Instituto ARAYARA e quem defende a vida - Amazon Climate Hub\",\"isPartOf\":{\"@id\":\"https:\/\/amazonclimatehub.org\/#website\"},\"datePublished\":\"2025-10-13T21:14:12+00:00\",\"dateModified\":\"2025-10-29T17:50:40+00:00\",\"breadcrumb\":{\"@id\":\"https:\/\/amazonclimatehub.org\/?page_id=31077#breadcrumb\"},\"inLanguage\":\"pt-BR\",\"potentialAction\":[{\"@type\":\"ReadAction\",\"target\":[\"https:\/\/amazonclimatehub.org\/?page_id=31077\"]}]},{\"@type\":\"BreadcrumbList\",\"@id\":\"https:\/\/amazonclimatehub.org\/?page_id=31077#breadcrumb\",\"itemListElement\":[{\"@type\":\"ListItem\",\"position\":1,\"name\":\"In\u00edcio\",\"item\":\"https:\/\/amazonclimatehub.org\/\"},{\"@type\":\"ListItem\",\"position\":2,\"name\":\"Apoie o Instituto ARAYARA e quem defende a vida\"}]},{\"@type\":\"WebSite\",\"@id\":\"https:\/\/amazonclimatehub.org\/#website\",\"url\":\"https:\/\/amazonclimatehub.org\/\",\"name\":\"Amazon Climate Hub\",\"description\":\"A Casa da ARAYARA na COP30\",\"publisher\":{\"@id\":\"https:\/\/amazonclimatehub.org\/#organization\"},\"potentialAction\":[{\"@type\":\"SearchAction\",\"target\":{\"@type\":\"EntryPoint\",\"urlTemplate\":\"https:\/\/amazonclimatehub.org\/?s={search_term_string}\"},\"query-input\":{\"@type\":\"PropertyValueSpecification\",\"valueRequired\":true,\"valueName\":\"search_term_string\"}}],\"inLanguage\":\"pt-BR\"},{\"@type\":\"Organization\",\"@id\":\"https:\/\/amazonclimatehub.org\/#organization\",\"name\":\"ARAYARA\",\"url\":\"https:\/\/amazonclimatehub.org\/\",\"logo\":{\"@type\":\"ImageObject\",\"inLanguage\":\"pt-BR\",\"@id\":\"https:\/\/amazonclimatehub.org\/#\/schema\/logo\/image\/\",\"url\":\"https:\/\/amazonclimatehub.org\/wp-content\/uploads\/2025\/08\/Logo-ARAYARA-AMAZON-CLIMATE-HUB-seo@150x-100-scaled.jpg\",\"contentUrl\":\"https:\/\/amazonclimatehub.org\/wp-content\/uploads\/2025\/08\/Logo-ARAYARA-AMAZON-CLIMATE-HUB-seo@150x-100-scaled.jpg\",\"width\":2560,\"height\":1440,\"caption\":\"ARAYARA\"},\"image\":{\"@id\":\"https:\/\/amazonclimatehub.org\/#\/schema\/logo\/image\/\"},\"sameAs\":[\"https:\/\/www.facebook.com\/arayaraoficial\",\"https:\/\/x.com\/arayaraoficial\",\"https:\/\/www.instagram.com\/arayaraoficial\/\",\"https:\/\/www.youtube.com\/@ArayaraOficial\",\"https:\/\/www.linkedin.com\/company\/instituto-internacional-arayara\/\"]}]}<\/script>\n<!-- \/ Yoast SEO plugin. -->","yoast_head_json":{"title":"Apoie o Instituto ARAYARA e quem defende a vida - Amazon Climate Hub","robots":{"index":"index","follow":"follow","max-snippet":"max-snippet:-1","max-image-preview":"max-image-preview:large","max-video-preview":"max-video-preview:-1"},"canonical":"https:\/\/amazonclimatehub.org\/?page_id=31077","og_locale":"pt_BR","og_type":"article","og_title":"Apoie o Instituto ARAYARA e quem defende a vida - Amazon Climate Hub","og_description":"[vc_row][vc_column][vc_column_text css=&#8221;&#8221;] Apoie o Instituto ARAYARA e quem defende a vida [\/vc_column_text][vc_column_text css=&#8221;&#8221;]Para impulsionar as causas defendidas pelo Instituto ARAYARA e apoiar as comunidades impactadas pelos combust\u00edveis f\u00f3sseis, \u00e9 poss\u00edvel fazer doa\u00e7\u00f5es que direcionam recursos para atividades de defesa socioambiental,...","og_url":"https:\/\/amazonclimatehub.org\/?page_id=31077","og_site_name":"Amazon Climate Hub","article_publisher":"https:\/\/www.facebook.com\/arayaraoficial","article_modified_time":"2025-10-29T17:50:40+00:00","twitter_card":"summary_large_image","twitter_site":"@arayaraoficial","twitter_misc":{"Est. tempo de leitura":"1 minuto"},"schema":{"@context":"https:\/\/schema.org","@graph":[{"@type":"WebPage","@id":"https:\/\/amazonclimatehub.org\/?page_id=31077","url":"https:\/\/amazonclimatehub.org\/?page_id=31077","name":"Apoie o Instituto ARAYARA e quem defende a vida - Amazon Climate Hub","isPartOf":{"@id":"https:\/\/amazonclimatehub.org\/#website"},"datePublished":"2025-10-13T21:14:12+00:00","dateModified":"2025-10-29T17:50:40+00:00","breadcrumb":{"@id":"https:\/\/amazonclimatehub.org\/?page_id=31077#breadcrumb"},"inLanguage":"pt-BR","potentialAction":[{"@type":"ReadAction","target":["https:\/\/amazonclimatehub.org\/?page_id=31077"]}]},{"@type":"BreadcrumbList","@id":"https:\/\/amazonclimatehub.org\/?page_id=31077#breadcrumb","itemListElement":[{"@type":"ListItem","position":1,"name":"In\u00edcio","item":"https:\/\/amazonclimatehub.org\/"},{"@type":"ListItem","position":2,"name":"Apoie o Instituto ARAYARA e quem defende a vida"}]},{"@type":"WebSite","@id":"https:\/\/amazonclimatehub.org\/#website","url":"https:\/\/amazonclimatehub.org\/","name":"Amazon Climate Hub","description":"A Casa da ARAYARA na COP30","publisher":{"@id":"https:\/\/amazonclimatehub.org\/#organization"},"potentialAction":[{"@type":"SearchAction","target":{"@type":"EntryPoint","urlTemplate":"https:\/\/amazonclimatehub.org\/?s={search_term_string}"},"query-input":{"@type":"PropertyValueSpecification","valueRequired":true,"valueName":"search_term_string"}}],"inLanguage":"pt-BR"},{"@type":"Organization","@id":"https:\/\/amazonclimatehub.org\/#organization","name":"ARAYARA","url":"https:\/\/amazonclimatehub.org\/","logo":{"@type":"ImageObject","inLanguage":"pt-BR","@id":"https:\/\/amazonclimatehub.org\/#\/schema\/logo\/image\/","url":"https:\/\/amazonclimatehub.org\/wp-content\/uploads\/2025\/08\/Logo-ARAYARA-AMAZON-CLIMATE-HUB-seo@150x-100-scaled.jpg","contentUrl":"https:\/\/amazonclimatehub.org\/wp-content\/uploads\/2025\/08\/Logo-ARAYARA-AMAZON-CLIMATE-HUB-seo@150x-100-scaled.jpg","width":2560,"height":1440,"caption":"ARAYARA"},"image":{"@id":"https:\/\/amazonclimatehub.org\/#\/schema\/logo\/image\/"},"sameAs":["https:\/\/www.facebook.com\/arayaraoficial","https:\/\/x.com\/arayaraoficial","https:\/\/www.instagram.com\/arayaraoficial\/","https:\/\/www.youtube.com\/@ArayaraOficial","https:\/\/www.linkedin.com\/company\/instituto-internacional-arayara\/"]}]}},"_links":{"self":[{"href":"https:\/\/amazonclimatehub.org\/index.php?rest_route=\/wp\/v2\/pages\/31077","targetHints":{"allow":["GET"]}}],"collection":[{"href":"https:\/\/amazonclimatehub.org\/index.php?rest_route=\/wp\/v2\/pages"}],"about":[{"href":"https:\/\/amazonclimatehub.org\/index.php?rest_route=\/wp\/v2\/types\/page"}],"author":[{"embeddable":true,"href":"https:\/\/amazonclimatehub.org\/index.php?rest_route=\/wp\/v2\/users\/6"}],"replies":[{"embeddable":true,"href":"https:\/\/amazonclimatehub.org\/index.php?rest_route=%2Fwp%2Fv2%2Fcomments&post=31077"}],"version-history":[{"count":12,"href":"https:\/\/amazonclimatehub.org\/index.php?rest_route=\/wp\/v2\/pages\/31077\/revisions"}],"predecessor-version":[{"id":31168,"href":"https:\/\/amazonclimatehub.org\/index.php?rest_route=\/wp\/v2\/pages\/31077\/revisions\/31168"}],"wp:attachment":[{"href":"https:\/\/amazonclimatehub.org\/index.php?rest_route=%2Fwp%2Fv2%2Fmedia&parent=31077"}],"curies":[{"name":"wp","href":"https:\/\/api.w.org\/{rel}","templated":true}]}}