{"id":31960,"date":"2025-10-30T10:09:22","date_gmt":"2025-10-30T13:09:22","guid":{"rendered":"https:\/\/amazonclimatehub.org\/?page_id=31960"},"modified":"2025-10-30T10:30:10","modified_gmt":"2025-10-30T13:30:10","slug":"voluntariado","status":"publish","type":"page","link":"https:\/\/amazonclimatehub.org\/?page_id=31960","title":{"rendered":"Voluntariado"},"content":{"rendered":"<div class=\"wpb-content-wrapper\"><p>[vc_row][vc_column][vc_column_text css=&#8221;.vc_custom_1761830875762{margin-right: 5vw !important;margin-left: 5vw !important;}&#8221;]<\/p>\r\n<p><strong>Seja protagonista da transforma\u00e7\u00e3o clim\u00e1tica!<\/strong><\/p>\r\n<p>&nbsp;<\/p>\r\n<p>&nbsp;<\/p>\r\n<p>O Instituto ARAYARA convida voc\u00ea a transformar seu talento em a\u00e7\u00f5es concretas pela defesa do meio ambiente e justi\u00e7a socioambiental. Ao se voluntariar conosco, voc\u00ea se torna uma for\u00e7a vital para inspirar comunidades, fortalecer a conserva\u00e7\u00e3o da Amaz\u00f4nia e demais biomas e fomentar o ativismo clim\u00e1tico global.<\/p>\r\n\r\n<p>Junte-se a uma rede de jovens comunicadores, ativistas e agentes de mudan\u00e7a comprometidos com um futuro sustent\u00e1vel. Sua participa\u00e7\u00e3o \u00e9 essencial para fortalecer o impacto coletivo que protege o planeta e promove equidade socioambiental.<\/p>\r\n\r\n<p>Para fazer parte dessa jornada, preencha o <strong><a href=\"https:\/\/forms.gle\/J7jtV4QSXhyKaaRm9\">formul\u00e1rio de voluntariado<\/a><\/strong><\/p>\r\n<p>&nbsp;<\/p>\r\n<p>&nbsp;<\/p>\r\n<p>[\/vc_column_text][vc_single_image image=&#8221;31978&#8243; img_size=&#8221;full&#8221; css=&#8221;.vc_custom_1761830994744{margin-top: -50px !important;}&#8221;][\/vc_column][\/vc_row]<\/p>\r\n<\/div>","protected":false},"excerpt":{"rendered":"<p>[vc_row][vc_column][vc_column_text css=&#8221;.vc_custom_1761830875762{margin-right: 5vw !important;margin-left: 5vw !important;}&#8221;] Seja protagonista da transforma\u00e7\u00e3o clim\u00e1tica! &nbsp; &nbsp; O Instituto ARAYARA convida voc\u00ea a transformar seu talento em a\u00e7\u00f5es concretas pela defesa do meio ambiente e justi\u00e7a socioambiental. Ao se voluntariar conosco, voc\u00ea se torna&#8230;<\/p>\n","protected":false},"author":6,"featured_media":0,"parent":0,"menu_order":0,"comment_status":"closed","ping_status":"closed","template":"","meta":{"_eb_attr":"","_themeisle_gutenberg_block_has_review":false,"footnotes":""},"class_list":["post-31960","page","type-page","status-publish","hentry"],"yoast_head":"<!-- This site is optimized with the Yoast SEO plugin v26.2 - https:\/\/yoast.com\/wordpress\/plugins\/seo\/ -->\n<title>Voluntariado - Amazon Climate Hub<\/title>\n<meta name=\"robots\" content=\"index, follow, max-snippet:-1, max-image-preview:large, max-video-preview:-1\" \/>\n<link rel=\"canonical\" href=\"https:\/\/amazonclimatehub.org\/?page_id=31960\" \/>\n<meta property=\"og:locale\" content=\"pt_BR\" \/>\n<meta property=\"og:type\" content=\"article\" \/>\n<meta property=\"og:title\" content=\"Voluntariado - Amazon Climate Hub\" \/>\n<meta property=\"og:description\" content=\"[vc_row][vc_column][vc_column_text css=&#8221;.vc_custom_1761830875762{margin-right: 5vw !important;margin-left: 5vw !important;}&#8221;] Seja protagonista da transforma\u00e7\u00e3o clim\u00e1tica! &nbsp; &nbsp; O Instituto ARAYARA convida voc\u00ea a transformar seu talento em a\u00e7\u00f5es concretas pela defesa do meio ambiente e justi\u00e7a socioambiental. Ao se voluntariar conosco, voc\u00ea se torna...\" \/>\n<meta property=\"og:url\" content=\"https:\/\/amazonclimatehub.org\/?page_id=31960\" \/>\n<meta property=\"og:site_name\" content=\"Amazon Climate Hub\" \/>\n<meta property=\"article:publisher\" content=\"https:\/\/www.facebook.com\/arayaraoficial\" \/>\n<meta property=\"article:modified_time\" content=\"2025-10-30T13:30:10+00:00\" \/>\n<meta name=\"twitter:card\" content=\"summary_large_image\" \/>\n<meta name=\"twitter:site\" content=\"@arayaraoficial\" \/>\n<meta name=\"twitter:label1\" content=\"Est. tempo de leitura\" \/>\n\t<meta name=\"twitter:data1\" content=\"1 minuto\" \/>\n<script type=\"application\/ld+json\" class=\"yoast-schema-graph\">{\"@context\":\"https:\/\/schema.org\",\"@graph\":[{\"@type\":\"WebPage\",\"@id\":\"https:\/\/amazonclimatehub.org\/?page_id=31960\",\"url\":\"https:\/\/amazonclimatehub.org\/?page_id=31960\",\"name\":\"Voluntariado - Amazon Climate Hub\",\"isPartOf\":{\"@id\":\"https:\/\/amazonclimatehub.org\/#website\"},\"datePublished\":\"2025-10-30T13:09:22+00:00\",\"dateModified\":\"2025-10-30T13:30:10+00:00\",\"breadcrumb\":{\"@id\":\"https:\/\/amazonclimatehub.org\/?page_id=31960#breadcrumb\"},\"inLanguage\":\"pt-BR\",\"potentialAction\":[{\"@type\":\"ReadAction\",\"target\":[\"https:\/\/amazonclimatehub.org\/?page_id=31960\"]}]},{\"@type\":\"BreadcrumbList\",\"@id\":\"https:\/\/amazonclimatehub.org\/?page_id=31960#breadcrumb\",\"itemListElement\":[{\"@type\":\"ListItem\",\"position\":1,\"name\":\"In\u00edcio\",\"item\":\"https:\/\/amazonclimatehub.org\/\"},{\"@type\":\"ListItem\",\"position\":2,\"name\":\"Voluntariado\"}]},{\"@type\":\"WebSite\",\"@id\":\"https:\/\/amazonclimatehub.org\/#website\",\"url\":\"https:\/\/amazonclimatehub.org\/\",\"name\":\"Amazon Climate Hub\",\"description\":\"A Casa da ARAYARA na COP30\",\"publisher\":{\"@id\":\"https:\/\/amazonclimatehub.org\/#organization\"},\"potentialAction\":[{\"@type\":\"SearchAction\",\"target\":{\"@type\":\"EntryPoint\",\"urlTemplate\":\"https:\/\/amazonclimatehub.org\/?s={search_term_string}\"},\"query-input\":{\"@type\":\"PropertyValueSpecification\",\"valueRequired\":true,\"valueName\":\"search_term_string\"}}],\"inLanguage\":\"pt-BR\"},{\"@type\":\"Organization\",\"@id\":\"https:\/\/amazonclimatehub.org\/#organization\",\"name\":\"ARAYARA\",\"url\":\"https:\/\/amazonclimatehub.org\/\",\"logo\":{\"@type\":\"ImageObject\",\"inLanguage\":\"pt-BR\",\"@id\":\"https:\/\/amazonclimatehub.org\/#\/schema\/logo\/image\/\",\"url\":\"https:\/\/amazonclimatehub.org\/wp-content\/uploads\/2025\/08\/Logo-ARAYARA-AMAZON-CLIMATE-HUB-seo@150x-100-scaled.jpg\",\"contentUrl\":\"https:\/\/amazonclimatehub.org\/wp-content\/uploads\/2025\/08\/Logo-ARAYARA-AMAZON-CLIMATE-HUB-seo@150x-100-scaled.jpg\",\"width\":2560,\"height\":1440,\"caption\":\"ARAYARA\"},\"image\":{\"@id\":\"https:\/\/amazonclimatehub.org\/#\/schema\/logo\/image\/\"},\"sameAs\":[\"https:\/\/www.facebook.com\/arayaraoficial\",\"https:\/\/x.com\/arayaraoficial\",\"https:\/\/www.instagram.com\/arayaraoficial\/\",\"https:\/\/www.youtube.com\/@ArayaraOficial\",\"https:\/\/www.linkedin.com\/company\/instituto-internacional-arayara\/\"]}]}<\/script>\n<!-- \/ Yoast SEO plugin. -->","yoast_head_json":{"title":"Voluntariado - Amazon Climate Hub","robots":{"index":"index","follow":"follow","max-snippet":"max-snippet:-1","max-image-preview":"max-image-preview:large","max-video-preview":"max-video-preview:-1"},"canonical":"https:\/\/amazonclimatehub.org\/?page_id=31960","og_locale":"pt_BR","og_type":"article","og_title":"Voluntariado - Amazon Climate Hub","og_description":"[vc_row][vc_column][vc_column_text css=&#8221;.vc_custom_1761830875762{margin-right: 5vw !important;margin-left: 5vw !important;}&#8221;] Seja protagonista da transforma\u00e7\u00e3o clim\u00e1tica! &nbsp; &nbsp; O Instituto ARAYARA convida voc\u00ea a transformar seu talento em a\u00e7\u00f5es concretas pela defesa do meio ambiente e justi\u00e7a socioambiental. Ao se voluntariar conosco, voc\u00ea se torna...","og_url":"https:\/\/amazonclimatehub.org\/?page_id=31960","og_site_name":"Amazon Climate Hub","article_publisher":"https:\/\/www.facebook.com\/arayaraoficial","article_modified_time":"2025-10-30T13:30:10+00:00","twitter_card":"summary_large_image","twitter_site":"@arayaraoficial","twitter_misc":{"Est. tempo de leitura":"1 minuto"},"schema":{"@context":"https:\/\/schema.org","@graph":[{"@type":"WebPage","@id":"https:\/\/amazonclimatehub.org\/?page_id=31960","url":"https:\/\/amazonclimatehub.org\/?page_id=31960","name":"Voluntariado - Amazon Climate Hub","isPartOf":{"@id":"https:\/\/amazonclimatehub.org\/#website"},"datePublished":"2025-10-30T13:09:22+00:00","dateModified":"2025-10-30T13:30:10+00:00","breadcrumb":{"@id":"https:\/\/amazonclimatehub.org\/?page_id=31960#breadcrumb"},"inLanguage":"pt-BR","potentialAction":[{"@type":"ReadAction","target":["https:\/\/amazonclimatehub.org\/?page_id=31960"]}]},{"@type":"BreadcrumbList","@id":"https:\/\/amazonclimatehub.org\/?page_id=31960#breadcrumb","itemListElement":[{"@type":"ListItem","position":1,"name":"In\u00edcio","item":"https:\/\/amazonclimatehub.org\/"},{"@type":"ListItem","position":2,"name":"Voluntariado"}]},{"@type":"WebSite","@id":"https:\/\/amazonclimatehub.org\/#website","url":"https:\/\/amazonclimatehub.org\/","name":"Amazon Climate Hub","description":"A Casa da ARAYARA na COP30","publisher":{"@id":"https:\/\/amazonclimatehub.org\/#organization"},"potentialAction":[{"@type":"SearchAction","target":{"@type":"EntryPoint","urlTemplate":"https:\/\/amazonclimatehub.org\/?s={search_term_string}"},"query-input":{"@type":"PropertyValueSpecification","valueRequired":true,"valueName":"search_term_string"}}],"inLanguage":"pt-BR"},{"@type":"Organization","@id":"https:\/\/amazonclimatehub.org\/#organization","name":"ARAYARA","url":"https:\/\/amazonclimatehub.org\/","logo":{"@type":"ImageObject","inLanguage":"pt-BR","@id":"https:\/\/amazonclimatehub.org\/#\/schema\/logo\/image\/","url":"https:\/\/amazonclimatehub.org\/wp-content\/uploads\/2025\/08\/Logo-ARAYARA-AMAZON-CLIMATE-HUB-seo@150x-100-scaled.jpg","contentUrl":"https:\/\/amazonclimatehub.org\/wp-content\/uploads\/2025\/08\/Logo-ARAYARA-AMAZON-CLIMATE-HUB-seo@150x-100-scaled.jpg","width":2560,"height":1440,"caption":"ARAYARA"},"image":{"@id":"https:\/\/amazonclimatehub.org\/#\/schema\/logo\/image\/"},"sameAs":["https:\/\/www.facebook.com\/arayaraoficial","https:\/\/x.com\/arayaraoficial","https:\/\/www.instagram.com\/arayaraoficial\/","https:\/\/www.youtube.com\/@ArayaraOficial","https:\/\/www.linkedin.com\/company\/instituto-internacional-arayara\/"]}]}},"_links":{"self":[{"href":"https:\/\/amazonclimatehub.org\/index.php?rest_route=\/wp\/v2\/pages\/31960","targetHints":{"allow":["GET"]}}],"collection":[{"href":"https:\/\/amazonclimatehub.org\/index.php?rest_route=\/wp\/v2\/pages"}],"about":[{"href":"https:\/\/amazonclimatehub.org\/index.php?rest_route=\/wp\/v2\/types\/page"}],"author":[{"embeddable":true,"href":"https:\/\/amazonclimatehub.org\/index.php?rest_route=\/wp\/v2\/users\/6"}],"replies":[{"embeddable":true,"href":"https:\/\/amazonclimatehub.org\/index.php?rest_route=%2Fwp%2Fv2%2Fcomments&post=31960"}],"version-history":[{"count":8,"href":"https:\/\/amazonclimatehub.org\/index.php?rest_route=\/wp\/v2\/pages\/31960\/revisions"}],"predecessor-version":[{"id":31989,"href":"https:\/\/amazonclimatehub.org\/index.php?rest_route=\/wp\/v2\/pages\/31960\/revisions\/31989"}],"wp:attachment":[{"href":"https:\/\/amazonclimatehub.org\/index.php?rest_route=%2Fwp%2Fv2%2Fmedia&parent=31960"}],"curies":[{"name":"wp","href":"https:\/\/api.w.org\/{rel}","templated":true}]}}