{"id":54,"date":"2025-08-20T15:46:07","date_gmt":"2025-08-20T18:46:07","guid":{"rendered":"http:\/\/localhost\/testearayara\/?page_id=54"},"modified":"2025-10-29T14:45:34","modified_gmt":"2025-10-29T17:45:34","slug":"defensores-dos-defensores","status":"publish","type":"page","link":"https:\/\/amazonclimatehub.org\/?page_id=54","title":{"rendered":"Defensores dos Defensores"},"content":{"rendered":"<div class=\"wpb-content-wrapper\"><p>[vc_row css=&#8221;.vc_custom_1759976592961{margin-right: 0px !important;padding-bottom: 10px !important;background: #33CCFF url(https:\/\/amazonclimatehub.org\/wp-content\/uploads\/2025\/10\/ProgramaDefensoresdosDefensores_JulianaDuarte-141E.jpg?id=30717) !important;background-position: center !important;background-repeat: no-repeat !important;background-size: cover !important;}&#8221; row_title=&#8221;Heading&#8221;][vc_column][vc_empty_space height=&#8221;300px&#8221;][vc_single_image image=&#8221;30714&#8243; img_size=&#8221;&#8221; css=&#8221;.vc_custom_1760009446397{margin-right: 15vw !important;margin-bottom: 0px !important;margin-left: 15vw !important;}&#8221;][vc_column_text css=&#8221;.vc_custom_1760009458839{margin-right: 15vw !important;margin-left: 15vw !important;}&#8221;]<\/p>\n<h6>PROGRAMA DE PROTE\u00c7\u00c3O<br \/>\nDE DEFENSORAS E DEFENSORES CLIM\u00c1TICOS<\/h6>\n<p>[\/vc_column_text][vc_empty_space height=&#8221;50px&#8221;][\/vc_column][\/vc_row][vc_row css=&#8221;.vc_custom_1761567066664{margin-right: 0px !important;background-color: #231F59 !important;}&#8221;][vc_column][vc_empty_space css=&#8221;.vc_custom_1758724831416{margin-right: 0px !important;}&#8221;][vc_column_text css=&#8221;.vc_custom_1761567206411{margin-right: 15vw !important;margin-left: 15vw !important;}&#8221; el_class=&#8221;defensores&#8221;]ENTENDA O PROGRAMA<\/p>\n<p>&nbsp;<\/p>\n<p>O Programa \u00e9 estruturado em quatro eixos de atua\u00e7\u00e3o para garantir a prote\u00e7\u00e3o e seguran\u00e7a de defensores e seus territ\u00f3rios impactados de empreendimentos de energia, compreendido toda sua cadeia de produ\u00e7\u00e3o.<\/p>\n<p>&nbsp;<\/p>\n<p>PROTE\u00c7\u00c3O<\/p>\n<p>&nbsp;<\/p>\n<p>Nosso programa oferece apoio jur\u00eddico, psicol\u00f3gico e humanit\u00e1rio para pessoas que encaixem nos seguintes crit\u00e9rios:<\/p>\n<p>(i)\u00a0Sejam ativistas em um movimento ou organiza\u00e7\u00e3o;<\/p>\n<p>(ii) Tenham atua\u00e7\u00e3o em uma regi\u00e3o com conflito energ\u00e9tico, em raz\u00e3o de projetos ou cadeia de produ\u00e7\u00e3o de energia (Ex: Hidrel\u00e9trica, Termoel\u00e9trica, Linha de Transmiss\u00e3o; Explora\u00e7\u00e3o de blocos de Petr\u00f3leo e G\u00e1s; Minera\u00e7\u00e3o de minerais cr\u00edticos para a Transi\u00e7\u00e3o);<\/p>\n<p>(iii) Estejam sofrendo amea\u00e7as concretas e diretas em raz\u00e3o de sua milit\u00e2ncia<\/p>\n<p>Caso conhe\u00e7a algu\u00e9m ou seja pessoa que se encaixe nestes crit\u00e9rios e tenha interesse no apoio do Programa, por favor preencha o\u00a0<a href=\"https:\/\/formsarayara.bitrix24.site\/defensores-ajuda\/\" target=\"_blank\" rel=\"noopener\" data-saferedirecturl=\"https:\/\/www.google.com\/url?q=https:\/\/formsarayara.bitrix24.site\/defensores-ajuda\/&amp;source=gmail&amp;ust=1761652268472000&amp;usg=AOvVaw0jj2r5nuNxX26J_40UKEXZ\">formul\u00e1rio de solicita\u00e7\u00e3o de ajuda<\/a>.<\/p>\n<p>&nbsp;<\/p>\n<p>Treinamento<\/p>\n<p>A equipe multidisciplinar do Programa oferece oficinas a pessoas defensoras e interessadas, territ\u00f3rios impactados por projetos de energia e organiza\u00e7\u00f5es parceiras, com o objetivo de fortalecer suas capacidades de autoprote\u00e7\u00e3o, preven\u00e7\u00e3o e enfrentamento de situa\u00e7\u00f5es de risco.<\/p>\n<p>&nbsp;<\/p>\n<p>As forma\u00e7\u00f5es podem ter diversos temas como:<\/p>\n<ul>\n<li dir=\"ltr\"><span style=\"color: #00ffff;\"><strong>Direito \u00e0 consulta frente a Grandes Empreendimentos<\/strong><\/span><\/li>\n<li dir=\"ltr\"><span style=\"color: #00ffff;\"><strong>Comunica\u00e7\u00e3o segura<\/strong><\/span><\/li>\n<li dir=\"ltr\"><span style=\"color: #00ffff;\"><strong>Prote\u00e7\u00e3o jur\u00eddica individual e coletiva (estrat\u00e9gias de defesa contra ass\u00e9dio judicial; regulariza\u00e7\u00e3o de organiza\u00e7\u00f5es e territ\u00f3rios; estrat\u00e9gias de litig\u00e2ncia nacional e internacional).<\/strong><\/span><\/li>\n<li dir=\"ltr\"><span style=\"color: #00ffff;\"><strong>Autocuidado para a sa\u00fade mental<\/strong><\/span><\/li>\n<\/ul>\n<p>&nbsp;<\/p>\n<p>Realizamos treinamentos de curta dura\u00e7\u00e3o (palestras e workshops) e de longa dura\u00e7\u00e3o (atividades te\u00f3ricas e pr\u00e1ticas de at\u00e9 uma semana de dura\u00e7\u00e3o), no formato presencial e virtual.<\/p>\n<p>Estamos sempre abertos a co-criar novas oficinas com parceiros. Caso tenha interesse, entre em contato!<\/p>\n<p>&nbsp;<\/p>\n<p dir=\"ltr\">Parcerias<\/p>\n<p>Consciente de que a defesa de defensores \u00e9 uma miss\u00e3o coletiva, o Programa tem a celebra\u00e7\u00e3o de Parcerias como um de seus eixos estruturais.<\/p>\n<p>Compreendemos que a colabora\u00e7\u00e3o entre institui\u00e7\u00f5es governamentais, privadas e da sociedade civil fortalece redes de prote\u00e7\u00e3o e incid\u00eancia pol\u00edtica para a promo\u00e7\u00e3o de uma defesa mais eficaz de defensores e seus territ\u00f3rios.<\/p>\n<p>O Programa atualmente possui parcerias internacionais, como a Global Climate Legal Defense (CliDef) e o Action Partnerships Program, vinculado ao Environmental Defenders Collaborative (EDC), bem como com alian\u00e7as nacionais e regionais de organiza\u00e7\u00f5es de base comunit\u00e1ria, como o Levante pela Terra e a Alian\u00e7a Latino-Americana de Defensores de Territ\u00f3rios Ind\u00edgenas (ALADTI).<\/p>\n<p>Caso tenha interesse em ser nosso parceiro,\u00a0<a href=\"https:\/\/formsarayara.bitrix24.site\/defensores-interesseparacolaboradores\/\" target=\"_blank\" rel=\"noopener\" data-saferedirecturl=\"https:\/\/www.google.com\/url?q=https:\/\/formsarayara.bitrix24.site\/defensores-interesseparacolaboradores\/&amp;source=gmail&amp;ust=1761652268472000&amp;usg=AOvVaw1DNnGdrWqcafUcySPtWCey\">entre em contato<\/a>!<\/p>\n<p>&nbsp;<\/p>\n<p dir=\"ltr\">Pesquisa<\/p>\n<p>A produ\u00e7\u00e3o de conhecimento pelo Programa Defensores dos Defensores \u00e9 essencial para compreender o contexto de riscos e amea\u00e7as que circundam os defensores.\u00a0 Esses dados direcionam as estrat\u00e9gias de defesa desenvolvidas pelo Programa e parceiros, bem como fundamentam campanhas de sensibiliza\u00e7\u00e3o e incid\u00eancia pol\u00edtica por uma prote\u00e7\u00e3o mais eficaz de defensores no Brasil.<\/p>\n<p>Al\u00e9m dos produtos desenvolvidos pela\u00a0 ARAYARA, como o Monitor Amaz\u00f4nia Livre de Petr\u00f3leo, o Programa tamb\u00e9m compartilha conhecimento por meio de materiais did\u00e1ticos e pesquisas sobre a tem\u00e1tica de defensores clim\u00e1ticos, seus direitos e potenciais amea\u00e7as.[\/vc_column_text][\/vc_column][\/vc_row]<\/p>\n<\/div>","protected":false},"excerpt":{"rendered":"<p>[vc_row css=&#8221;.vc_custom_1759976592961{margin-right: 0px !important;padding-bottom: 10px !important;background: #33CCFF url(https:\/\/amazonclimatehub.org\/wp-content\/uploads\/2025\/10\/ProgramaDefensoresdosDefensores_JulianaDuarte-141E.jpg?id=30717) !important;background-position: center !important;background-repeat: no-repeat !important;background-size: cover !important;}&#8221; row_title=&#8221;Heading&#8221;][vc_column][vc_empty_space height=&#8221;300px&#8221;][vc_single_image image=&#8221;30714&#8243; img_size=&#8221;&#8221; css=&#8221;.vc_custom_1760009446397{margin-right: 15vw !important;margin-bottom: 0px !important;margin-left: 15vw !important;}&#8221;][vc_column_text css=&#8221;.vc_custom_1760009458839{margin-right: 15vw !important;margin-left: 15vw !important;}&#8221;] PROGRAMA DE PROTE\u00c7\u00c3O DE DEFENSORAS E DEFENSORES CLIM\u00c1TICOS [\/vc_column_text][vc_empty_space&#8230;<\/p>\n","protected":false},"author":5,"featured_media":0,"parent":0,"menu_order":0,"comment_status":"closed","ping_status":"closed","template":"elementor_theme","meta":{"_eb_attr":"","_themeisle_gutenberg_block_has_review":false,"footnotes":""},"class_list":["post-54","page","type-page","status-publish","hentry"],"yoast_head":"<!-- This site is optimized with the Yoast SEO plugin v26.2 - https:\/\/yoast.com\/wordpress\/plugins\/seo\/ -->\n<title>Defensores dos Defensores - Amazon Climate Hub<\/title>\n<meta name=\"robots\" content=\"index, follow, max-snippet:-1, max-image-preview:large, max-video-preview:-1\" \/>\n<link rel=\"canonical\" href=\"https:\/\/amazonclimatehub.org\/?page_id=54\" \/>\n<meta property=\"og:locale\" content=\"pt_BR\" \/>\n<meta property=\"og:type\" content=\"article\" \/>\n<meta property=\"og:title\" content=\"Defensores dos Defensores - Amazon Climate Hub\" \/>\n<meta property=\"og:description\" content=\"[vc_row css=&#8221;.vc_custom_1759976592961{margin-right: 0px !important;padding-bottom: 10px !important;background: #33CCFF url(https:\/\/amazonclimatehub.org\/wp-content\/uploads\/2025\/10\/ProgramaDefensoresdosDefensores_JulianaDuarte-141E.jpg?id=30717) !important;background-position: center !important;background-repeat: no-repeat !important;background-size: cover !important;}&#8221; row_title=&#8221;Heading&#8221;][vc_column][vc_empty_space height=&#8221;300px&#8221;][vc_single_image image=&#8221;30714&#8243; img_size=&#8221;&#8221; css=&#8221;.vc_custom_1760009446397{margin-right: 15vw !important;margin-bottom: 0px !important;margin-left: 15vw !important;}&#8221;][vc_column_text css=&#8221;.vc_custom_1760009458839{margin-right: 15vw !important;margin-left: 15vw !important;}&#8221;] PROGRAMA DE PROTE\u00c7\u00c3O DE DEFENSORAS E DEFENSORES CLIM\u00c1TICOS [\/vc_column_text][vc_empty_space...\" \/>\n<meta property=\"og:url\" content=\"https:\/\/amazonclimatehub.org\/?page_id=54\" \/>\n<meta property=\"og:site_name\" content=\"Amazon Climate Hub\" \/>\n<meta property=\"article:publisher\" content=\"https:\/\/www.facebook.com\/arayaraoficial\" \/>\n<meta property=\"article:modified_time\" content=\"2025-10-29T17:45:34+00:00\" \/>\n<meta name=\"twitter:card\" content=\"summary_large_image\" \/>\n<meta name=\"twitter:site\" content=\"@arayaraoficial\" \/>\n<meta name=\"twitter:label1\" content=\"Est. tempo de leitura\" \/>\n\t<meta name=\"twitter:data1\" content=\"4 minutos\" \/>\n<script type=\"application\/ld+json\" class=\"yoast-schema-graph\">{\"@context\":\"https:\/\/schema.org\",\"@graph\":[{\"@type\":\"WebPage\",\"@id\":\"https:\/\/amazonclimatehub.org\/?page_id=54\",\"url\":\"https:\/\/amazonclimatehub.org\/?page_id=54\",\"name\":\"Defensores dos Defensores - Amazon Climate Hub\",\"isPartOf\":{\"@id\":\"https:\/\/amazonclimatehub.org\/#website\"},\"datePublished\":\"2025-08-20T18:46:07+00:00\",\"dateModified\":\"2025-10-29T17:45:34+00:00\",\"breadcrumb\":{\"@id\":\"https:\/\/amazonclimatehub.org\/?page_id=54#breadcrumb\"},\"inLanguage\":\"pt-BR\",\"potentialAction\":[{\"@type\":\"ReadAction\",\"target\":[\"https:\/\/amazonclimatehub.org\/?page_id=54\"]}]},{\"@type\":\"BreadcrumbList\",\"@id\":\"https:\/\/amazonclimatehub.org\/?page_id=54#breadcrumb\",\"itemListElement\":[{\"@type\":\"ListItem\",\"position\":1,\"name\":\"In\u00edcio\",\"item\":\"https:\/\/amazonclimatehub.org\/\"},{\"@type\":\"ListItem\",\"position\":2,\"name\":\"Defensores dos Defensores\"}]},{\"@type\":\"WebSite\",\"@id\":\"https:\/\/amazonclimatehub.org\/#website\",\"url\":\"https:\/\/amazonclimatehub.org\/\",\"name\":\"Amazon Climate Hub\",\"description\":\"A Casa da ARAYARA na COP30\",\"publisher\":{\"@id\":\"https:\/\/amazonclimatehub.org\/#organization\"},\"potentialAction\":[{\"@type\":\"SearchAction\",\"target\":{\"@type\":\"EntryPoint\",\"urlTemplate\":\"https:\/\/amazonclimatehub.org\/?s={search_term_string}\"},\"query-input\":{\"@type\":\"PropertyValueSpecification\",\"valueRequired\":true,\"valueName\":\"search_term_string\"}}],\"inLanguage\":\"pt-BR\"},{\"@type\":\"Organization\",\"@id\":\"https:\/\/amazonclimatehub.org\/#organization\",\"name\":\"ARAYARA\",\"url\":\"https:\/\/amazonclimatehub.org\/\",\"logo\":{\"@type\":\"ImageObject\",\"inLanguage\":\"pt-BR\",\"@id\":\"https:\/\/amazonclimatehub.org\/#\/schema\/logo\/image\/\",\"url\":\"https:\/\/amazonclimatehub.org\/wp-content\/uploads\/2025\/08\/Logo-ARAYARA-AMAZON-CLIMATE-HUB-seo@150x-100-scaled.jpg\",\"contentUrl\":\"https:\/\/amazonclimatehub.org\/wp-content\/uploads\/2025\/08\/Logo-ARAYARA-AMAZON-CLIMATE-HUB-seo@150x-100-scaled.jpg\",\"width\":2560,\"height\":1440,\"caption\":\"ARAYARA\"},\"image\":{\"@id\":\"https:\/\/amazonclimatehub.org\/#\/schema\/logo\/image\/\"},\"sameAs\":[\"https:\/\/www.facebook.com\/arayaraoficial\",\"https:\/\/x.com\/arayaraoficial\",\"https:\/\/www.instagram.com\/arayaraoficial\/\",\"https:\/\/www.youtube.com\/@ArayaraOficial\",\"https:\/\/www.linkedin.com\/company\/instituto-internacional-arayara\/\"]}]}<\/script>\n<!-- \/ Yoast SEO plugin. -->","yoast_head_json":{"title":"Defensores dos Defensores - Amazon Climate Hub","robots":{"index":"index","follow":"follow","max-snippet":"max-snippet:-1","max-image-preview":"max-image-preview:large","max-video-preview":"max-video-preview:-1"},"canonical":"https:\/\/amazonclimatehub.org\/?page_id=54","og_locale":"pt_BR","og_type":"article","og_title":"Defensores dos Defensores - Amazon Climate Hub","og_description":"[vc_row css=&#8221;.vc_custom_1759976592961{margin-right: 0px !important;padding-bottom: 10px !important;background: #33CCFF url(https:\/\/amazonclimatehub.org\/wp-content\/uploads\/2025\/10\/ProgramaDefensoresdosDefensores_JulianaDuarte-141E.jpg?id=30717) !important;background-position: center !important;background-repeat: no-repeat !important;background-size: cover !important;}&#8221; row_title=&#8221;Heading&#8221;][vc_column][vc_empty_space height=&#8221;300px&#8221;][vc_single_image image=&#8221;30714&#8243; img_size=&#8221;&#8221; css=&#8221;.vc_custom_1760009446397{margin-right: 15vw !important;margin-bottom: 0px !important;margin-left: 15vw !important;}&#8221;][vc_column_text css=&#8221;.vc_custom_1760009458839{margin-right: 15vw !important;margin-left: 15vw !important;}&#8221;] PROGRAMA DE PROTE\u00c7\u00c3O DE DEFENSORAS E DEFENSORES CLIM\u00c1TICOS [\/vc_column_text][vc_empty_space...","og_url":"https:\/\/amazonclimatehub.org\/?page_id=54","og_site_name":"Amazon Climate Hub","article_publisher":"https:\/\/www.facebook.com\/arayaraoficial","article_modified_time":"2025-10-29T17:45:34+00:00","twitter_card":"summary_large_image","twitter_site":"@arayaraoficial","twitter_misc":{"Est. tempo de leitura":"4 minutos"},"schema":{"@context":"https:\/\/schema.org","@graph":[{"@type":"WebPage","@id":"https:\/\/amazonclimatehub.org\/?page_id=54","url":"https:\/\/amazonclimatehub.org\/?page_id=54","name":"Defensores dos Defensores - Amazon Climate Hub","isPartOf":{"@id":"https:\/\/amazonclimatehub.org\/#website"},"datePublished":"2025-08-20T18:46:07+00:00","dateModified":"2025-10-29T17:45:34+00:00","breadcrumb":{"@id":"https:\/\/amazonclimatehub.org\/?page_id=54#breadcrumb"},"inLanguage":"pt-BR","potentialAction":[{"@type":"ReadAction","target":["https:\/\/amazonclimatehub.org\/?page_id=54"]}]},{"@type":"BreadcrumbList","@id":"https:\/\/amazonclimatehub.org\/?page_id=54#breadcrumb","itemListElement":[{"@type":"ListItem","position":1,"name":"In\u00edcio","item":"https:\/\/amazonclimatehub.org\/"},{"@type":"ListItem","position":2,"name":"Defensores dos Defensores"}]},{"@type":"WebSite","@id":"https:\/\/amazonclimatehub.org\/#website","url":"https:\/\/amazonclimatehub.org\/","name":"Amazon Climate Hub","description":"A Casa da ARAYARA na COP30","publisher":{"@id":"https:\/\/amazonclimatehub.org\/#organization"},"potentialAction":[{"@type":"SearchAction","target":{"@type":"EntryPoint","urlTemplate":"https:\/\/amazonclimatehub.org\/?s={search_term_string}"},"query-input":{"@type":"PropertyValueSpecification","valueRequired":true,"valueName":"search_term_string"}}],"inLanguage":"pt-BR"},{"@type":"Organization","@id":"https:\/\/amazonclimatehub.org\/#organization","name":"ARAYARA","url":"https:\/\/amazonclimatehub.org\/","logo":{"@type":"ImageObject","inLanguage":"pt-BR","@id":"https:\/\/amazonclimatehub.org\/#\/schema\/logo\/image\/","url":"https:\/\/amazonclimatehub.org\/wp-content\/uploads\/2025\/08\/Logo-ARAYARA-AMAZON-CLIMATE-HUB-seo@150x-100-scaled.jpg","contentUrl":"https:\/\/amazonclimatehub.org\/wp-content\/uploads\/2025\/08\/Logo-ARAYARA-AMAZON-CLIMATE-HUB-seo@150x-100-scaled.jpg","width":2560,"height":1440,"caption":"ARAYARA"},"image":{"@id":"https:\/\/amazonclimatehub.org\/#\/schema\/logo\/image\/"},"sameAs":["https:\/\/www.facebook.com\/arayaraoficial","https:\/\/x.com\/arayaraoficial","https:\/\/www.instagram.com\/arayaraoficial\/","https:\/\/www.youtube.com\/@ArayaraOficial","https:\/\/www.linkedin.com\/company\/instituto-internacional-arayara\/"]}]}},"_links":{"self":[{"href":"https:\/\/amazonclimatehub.org\/index.php?rest_route=\/wp\/v2\/pages\/54","targetHints":{"allow":["GET"]}}],"collection":[{"href":"https:\/\/amazonclimatehub.org\/index.php?rest_route=\/wp\/v2\/pages"}],"about":[{"href":"https:\/\/amazonclimatehub.org\/index.php?rest_route=\/wp\/v2\/types\/page"}],"author":[{"embeddable":true,"href":"https:\/\/amazonclimatehub.org\/index.php?rest_route=\/wp\/v2\/users\/5"}],"replies":[{"embeddable":true,"href":"https:\/\/amazonclimatehub.org\/index.php?rest_route=%2Fwp%2Fv2%2Fcomments&post=54"}],"version-history":[{"count":59,"href":"https:\/\/amazonclimatehub.org\/index.php?rest_route=\/wp\/v2\/pages\/54\/revisions"}],"predecessor-version":[{"id":31805,"href":"https:\/\/amazonclimatehub.org\/index.php?rest_route=\/wp\/v2\/pages\/54\/revisions\/31805"}],"wp:attachment":[{"href":"https:\/\/amazonclimatehub.org\/index.php?rest_route=%2Fwp%2Fv2%2Fmedia&parent=54"}],"curies":[{"name":"wp","href":"https:\/\/api.w.org\/{rel}","templated":true}]}}