{"id":56,"date":"2025-08-20T15:46:40","date_gmt":"2025-08-20T18:46:40","guid":{"rendered":"http:\/\/localhost\/testearayara\/?page_id=56"},"modified":"2025-10-29T14:43:59","modified_gmt":"2025-10-29T17:43:59","slug":"arayara","status":"publish","type":"page","link":"https:\/\/amazonclimatehub.org\/?page_id=56","title":{"rendered":"ARAYARA"},"content":{"rendered":"<div class=\"wpb-content-wrapper\"><p>[vc_row css=&#8221;.vc_custom_1759966725904{margin-right: 0px !important;background: #231F59 url(https:\/\/amazonclimatehub.org\/wp-content\/uploads\/2025\/10\/Ensaio-RJ-Comunidades-Quilombolas-Indigenasbb-AMAZONCLIMATEHUB.jpg?id=30695) !important;}&#8221; row_title=&#8221;Heading&#8221;][vc_column][vc_empty_space height=&#8221;100px&#8221;][vc_column_text css=&#8221;.vc_custom_1760009496264{margin-right: 15vw !important;margin-left: 15vw !important;}&#8221;]<\/p>\n<h1 class=\"p1\"><b>INSTITUTO INTERNACIONAL ARAYARA<\/b><\/h1>\n<p>[\/vc_column_text][vc_empty_space height=&#8221;16px&#8221;][vc_column_text css=&#8221;.vc_custom_1760009502554{margin-right: 15vw !important;margin-left: 15vw !important;}&#8221;]<\/p>\n<p style=\"color: #ffffff; line-height: 1.3; margin-bottom: 0;\">Nossa miss\u00e3o \u00e9 promover a justi\u00e7a clim\u00e1tica e a transi\u00e7\u00e3o energ\u00e9tica justa, defendendo os direitos dos povos ind\u00edgenas, tradicionais e das comunidades afetadas pela expans\u00e3o de combust\u00edveis f\u00f3sseis. Buscamos fortalecer a democracia ambiental por meio da ci\u00eancia, da mobiliza\u00e7\u00e3o social e da articula\u00e7\u00e3o multissetorial, construindo solu\u00e7\u00f5es sustent\u00e1veis que respeitam a biodiversidade e garantem qualidade de vida \u00e0s gera\u00e7\u00f5es presentes e futuras.<\/p>\n<p>[\/vc_column_text][vc_empty_space height=&#8221;300px&#8221;][\/vc_column][\/vc_row][vc_row css=&#8221;.vc_custom_1759967409277{background-color: #231F59 !important;}&#8221;][vc_column width=&#8221;2\/3&#8243;][vc_column_text css=&#8221;.vc_custom_1760009513939{margin-left: 15vw !important;}&#8221; el_class=&#8221;climate-text&#8221;]<\/p>\n<h2 class=\"p1\"><b>NOSSO HORIZONTE COMUM<\/b><\/h2>\n<p>[\/vc_column_text][vc_column_text css=&#8221;.vc_custom_1760361975444{margin-right: 250px !important;margin-left: 15vw !important;}&#8221;]<\/p>\n<p class=\"p1\" style=\"line-height: 1.3;\">Trabalhamos pelo reconhecimento nacional e internacional como refer\u00eancia em ativismo clim\u00e1tico t\u00e9cnico e estrat\u00e9gico, contribuindo decisivamente para um Brasil l\u00edder na transi\u00e7\u00e3o energ\u00e9tica justa. Um pa\u00eds que freia a explora\u00e7\u00e3o de fontes f\u00f3sseis, valoriza alternativas sustent\u00e1veis e democr\u00e1ticas, protege seus povos e territ\u00f3rios, e atua para manter o aquecimento global abaixo dos 1,5\u00b0C estabelecidos pelos acordos clim\u00e1ticos.<\/p>\n<p>[\/vc_column_text][vc_btn title=&#8221;SAIBA MAIS&#8221; style=&#8221;flat&#8221; shape=&#8221;round&#8221; color=&#8221;info&#8221; size=&#8221;lg&#8221; css=&#8221;.vc_custom_1760104593663{margin-left: 15vw !important;}&#8221; link=&#8221;url:https%3A%2F%2Farayara.org%2F|title:Visite%20nosso%20site|target:_blank&#8221;][vc_empty_space height=&#8221;50px&#8221;][\/vc_column][vc_column width=&#8221;1\/3&#8243;][vc_single_image image=&#8221;30699&#8243; img_size=&#8221;&#8221; alignment=&#8221;center&#8221; onclick=&#8221;custom_link&#8221; img_link_target=&#8221;_blank&#8221; css=&#8221;.vc_custom_1760104622872{margin-top: 50px !important;margin-right: 15vw !important;}&#8221;][\/vc_column][\/vc_row][vc_row css=&#8221;.vc_custom_1758652689190{background-color: #231F59 !important;}&#8221;][vc_column][vc_single_image image=&#8221;3733&#8243; img_size=&#8221;full&#8221; css=&#8221;&#8221;][\/vc_column][\/vc_row][vc_row css=&#8221;.vc_custom_1759968708986{background-color: #4F4B7A !important;}&#8221;][vc_column][vc_column_text css=&#8221;.vc_custom_1760009626970{margin-left: 15vw !important;}&#8221; el_class=&#8221;climate-text&#8221;]<\/p>\n<h2 class=\"p1\"><b>ATUA\u00c7\u00c3O INTERNACIONAL<\/b><\/h2>\n<p>[\/vc_column_text][vc_column_text css=&#8221;.vc_custom_1760009645795{margin-right: 15vw !important;margin-left: 15vw !important;}&#8221;]<\/p>\n<p class=\"p1\" style=\"line-height: 1.3;\">O Instituto ARAYARA expande sua atua\u00e7\u00e3o globalmente, apoiando parcerias e redes internacionais para promover direitos tradicionais e justi\u00e7a ambiental. Participamos de f\u00f3runs globais, interc\u00e2mbios culturais e capacita\u00e7\u00e3o, fortalecendo a voz das popula\u00e7\u00f5es atingidas por empreendimentos f\u00f3sseis no cen\u00e1rio mundial.<\/p>\n<p>[\/vc_column_text][vc_empty_space height=&#8221;50px&#8221;][\/vc_column][\/vc_row][vc_row css=&#8221;.vc_custom_1758652689190{background-color: #231F59 !important;}&#8221;][vc_column][vc_single_image image=&#8221;3812&#8243; img_size=&#8221;full&#8221; css=&#8221;&#8221;][\/vc_column][\/vc_row][vc_row css=&#8221;.vc_custom_1758228859242{background-color: #ABA9BF !important;}&#8221;][vc_column][vc_raw_html css=&#8221;.vc_custom_1760009554440{padding-bottom: 100px !important;}&#8221;]JTNDZGl2JTIwY2xhc3MlM0QlMjJzbGlkZXItY29udGFpbmVyJTIyJTNFJTBBJTIwJTIwJTNDaDIlMjBjbGFzcyUzRCUyMnNsaWRlci10aXRsZSUyMiUzRSVDMyU4MVJFQVMlMjBERSUyMEFUVUElQzMlODclQzMlODNPJTNDJTJGaDIlM0UlMEElMjAlMjAlM0NkaXYlMjBjbGFzcyUzRCUyMnNsaWRlci13cmFwcGVyJTIyJTNFJTBBJTIwJTIwJTIwJTIwJTNDZGl2JTIwY2xhc3MlM0QlMjJzbGlkZXIlMjIlM0UlMEElMjAlMjAlMjAlMjAlMjAlMjAlM0NkaXYlMjBjbGFzcyUzRCUyMmNhcmQlMjIlM0UlMEElMjAlMjAlMjAlMjAlMjAlMjAlMjAlMjAlM0NoMyUzRUNJJUMzJThBTkNJQSUyQyUyMFBFU1FVSVNBJTIwRSUyMElOT1ZBJUMzJTg3JUMzJTgzTyUzQyUyRmgzJTNFJTBBJTIwJTIwJTIwJTIwJTIwJTIwJTIwJTIwJTNDcCUzRVByb2R1JUMzJUE3JUMzJUEzbyUyMGRlJTIwY29uaGVjaW1lbnRvJTIwY2llbnQlQzMlQURmaWNvJTIwZSUyMHRlY25vbCVDMyVCM2dpY28lMjBwYXJhJTIwbW9uaXRvcmFyJTIwYSUyMGV4cGFucyVDMyVBM28lMjBmJUMzJUIzc3NpbCUyQyUyMGZvcnRhbGVjZXIlMjBwciVDMyVBMXRpY2FzJTIwc3VzdGVudCVDMyVBMXZlaXMlMjBlJTIwdmFsb3JpemFyJTIwb3MlMjBzYWJlcmVzJTIwdHJhZGljaW9uYWlzLiUzQyUyRnAlM0UlMEElMjAlMjAlMjAlMjAlMjAlMjAlM0MlMkZkaXYlM0UlMEElMjAlMjAlMjAlMjAlMjAlMjAlM0NkaXYlMjBjbGFzcyUzRCUyMmNhcmQlMjIlM0UlMEElMjAlMjAlMjAlMjAlMjAlMjAlMjAlMjAlM0NoMyUzRUlORk9STUElQzMlODclQzMlODNPJTIwRSUyME1PQklMSVpBJUMzJTg3JUMzJTgzTyUzQyUyRmgzJTNFJTBBJTIwJTIwJTIwJTIwJTIwJTIwJTIwJTIwJTNDcCUzRUNhbXBhbmhhcyUyQyUyMGNvbXVuaWNhJUMzJUE3JUMzJUEzbyUyMGVzdHJhdCVDMyVBOWdpY2ElMjBlJTIwZWR1Y2ElQzMlQTclQzMlQTNvJTIwcG9wdWxhciUyMHBhcmElMjBlbmdhamFyJTIwYSUyMHNvY2llZGFkZSUyMGVtJTIwZGVmZXNhJTIwZG9zJTIwZGlyZWl0b3MlMjBzb2Npb2FtYmllbnRhaXMuJTNDJTJGcCUzRSUwQSUyMCUyMCUyMCUyMCUyMCUyMCUzQyUyRmRpdiUzRSUwQSUyMCUyMCUyMCUyMCUyMCUyMCUzQ2RpdiUyMGNsYXNzJTNEJTIyY2FyZCUyMiUzRSUwQSUyMCUyMCUyMCUyMCUyMCUyMCUyMCUyMCUzQ2gzJTNFQURWT0NBQ1klMjBFJTIwTElUSUclQzMlODJOQ0lBJTNDJTJGaDMlM0UlMEElMjAlMjAlMjAlMjAlMjAlMjAlMjAlMjAlM0NwJTNFQXR1YSVDMyVBNyVDMyVBM28lMjBqdXIlQzMlQURkaWNvLXBvbCVDMyVBRHRpY2ElMjBwYXJhJTIwZ2FyYW50aXIlMjBwb2wlQzMlQUR0aWNhcyUyMHAlQzMlQkFibGljYXMlMjBlJTIwcHJvdGUlQzMlQTclQzMlQTNvJTIwZG9zJTIwZGlyZWl0b3MlMjBkb3MlMjBwb3ZvcyUyMHRyYWRpY2lvbmFpcy4lM0MlMkZwJTNFJTBBJTIwJTIwJTIwJTIwJTIwJTIwJTNDJTJGZGl2JTNFJTBBJTIwJTIwJTIwJTIwJTIwJTIwJTNDZGl2JTIwY2xhc3MlM0QlMjJjYXJkJTIyJTNFJTBBJTIwJTIwJTIwJTIwJTIwJTIwJTIwJTIwJTNDaDMlM0VFRFVDQSVDMyU4NyVDMyU4M08lMjBFJTIwQ1VMVFVSQSUzQyUyRmgzJTNFJTBBJTIwJTIwJTIwJTIwJTIwJTIwJTIwJTIwJTNDcCUzRVByb21vJUMzJUE3JUMzJUEzbyUyMGUlMjB2YWxvcml6YSVDMyVBNyVDMyVBM28lMjBkZSUyMHNhYmVyZXMlMjB0ZWNub2wlQzMlQjNnaWNvcyUyQyUyMGFuY2VzdHJhaXMlMkMlMjBjdWx0dXJhcyUyMHRyYWRpY2lvbmFpcyUyMGUlMjBlZHVjYSVDMyVBNyVDMyVBM28lMjBhbWJpZW50YWwuJTNDJTJGcCUzRSUwQSUyMCUyMCUyMCUyMCUyMCUyMCUzQyUyRmRpdiUzRSUwQSUyMCUyMCUyMCUyMCUyMCUyMCUzQ2RpdiUyMGNsYXNzJTNEJTIyY2FyZCUyMiUzRSUwQSUyMCUyMCUyMCUyMCUyMCUyMCUyMCUyMCUzQ2gzJTNFVEVDTk9MT0dJQSUyMFNPQ0lBTCUzQyUyRmgzJTNFJTBBJTIwJTIwJTIwJTIwJTIwJTIwJTIwJTIwJTNDcCUzRURlc2Vudm9sdmltZW50byUyMGUlMjBpbXBsZW1lbnRhJUMzJUE3JUMzJUEzbyUyMGRlJTIwdGVjbm9sb2dpYXMlMjBzb2NpYWlzJTIwcXVlJTIwcG90ZW5jaWFsaXphbSUyMGElMjBhdXRvbm9taWElMkMlMjBvJTIwY29udHJvbGUlMjBzb2NpYWwlMjBlJTIwbyUyMGRlc2Vudm9sdmltZW50byUyMGNvbXVuaXQlQzMlQTFyaW8uJTNDJTJGcCUzRSUwQSUyMCUyMCUyMCUyMCUyMCUyMCUzQyUyRmRpdiUzRSUwQSUyMCUyMCUyMCUyMCUyMCUyMCUzQ2RpdiUyMGNsYXNzJTNEJTIyY2FyZCUyMiUzRSUwQSUyMCUyMCUyMCUyMCUyMCUyMCUyMCUyMCUzQ2gzJTNFSU5DTFVTJUMzJTgzTyUyQyUyMElHVUFMREFERSUyMEUlMjBESVZFUlNJREFERSUzQyUyRmgzJTNFJTBBJTIwJTIwJTIwJTIwJTIwJTIwJTIwJTIwJTNDcCUzRUZvbWVudGFtb3MlMjBhJTIwZGl2ZXJzaWRhZGUlMjBwb3IlMjBtZWlvJTIwZGUlMjBwcm9ncmFtYXMlMjBkZWRpY2Fkb3MlMjBlJTIwcG9sJUMzJUFEdGljYXMlMjBpbnRlcm5hcyUyMGRlJTIwZ292ZXJuYW4lQzMlQTdhJTIwcXVlJTIwcHJvbW92ZW0lMjBhJTIwaWd1YWxkYWRlJTIwZGUlMjBnJUMzJUFBbmVybyUyQyUyMCVDMyVBOXRuaWNhJTIwZSUyMGElMjBpbmNsdXMlQzMlQTNvJTIwZGUlMjBwZXNzb2FzJTIwY29tJTIwZGVmaWNpJUMzJUFBbmNpYSUyMCUyOFBDRCUyOSUyQyUyMGZvcnRhbGVjZW5kbyUyMHVtJTIwYW1iaWVudGUlMjBwbHVyYWwlMjBwYXJhJTIwdG9kYXMlMjBhcyUyMHBlc3NvYXMuJTNDJTJGcCUzRSUwQSUyMCUyMCUyMCUyMCUyMCUyMCUzQyUyRmRpdiUzRSUwQSUyMCUyMCUyMCUyMCUzQyUyRmRpdiUzRSUwQSUyMCUyMCUzQyUyRmRpdiUzRSUwQSUwQSUyMCUyMCUzQyUyMS0tJTIwQm90JUMzJUI1ZXMlMjBjaXJjdWxhcmVzJTIwLS0lM0UlMEElMjAlMjAlM0NidXR0b24lMjBjbGFzcyUzRCUyMm5hdi1idG4lMjBwcmV2JTIyJTNFJTNDJTJGYnV0dG9uJTNFJTBBJTIwJTIwJTNDYnV0dG9uJTIwY2xhc3MlM0QlMjJuYXYtYnRuJTIwbmV4dCUyMiUzRSUzQyUyRmJ1dHRvbiUzRSUwQSUyMCUyMCUzQ2RpdiUyMGNsYXNzJTNEJTIyaW5kaWNhdG9ycyUyMiUzRSUzQyUyRmRpdiUzRSUwQSUzQyUyRmRpdiUzRSUwQSUwQSUzQ3N0eWxlJTNFJTBBLnNsaWRlci1jb250YWluZXIlMjAlN0IlMEElMjAlMjBwb3NpdGlvbiUzQSUyMHJlbGF0aXZlJTNCJTBBJTIwJTIwbWF4LXdpZHRoJTNBJTIwNzAlMjUlM0IlMEElMjAlMjBtYXJnaW4lM0ElMjBhdXRvJTNCJTBBJTIwJTIwb3ZlcmZsb3clM0ElMjBoaWRkZW4lM0IlMEElMjAlMjBwYWRkaW5nJTNBJTIwMCUyMDcwcHglM0IlMEElMjAlMjBiYWNrZ3JvdW5kJTNBJTIwJTIzQUJBOUJGJTNCJTBBJTIwJTIwYm9yZGVyLXJhZGl1cyUzQSUyMDEycHglM0IlMEElN0QlMEEuc2xpZGVyLXRpdGxlJTIwJTdCJTBBJTIwJTIwdGV4dC1hbGlnbiUzQSUyMGNlbnRlciUzQiUwQSUyMCUyMGZvbnQtc2l6ZSUzQSUyMDIycHglM0IlMEElMjAlMjBmb250LXdlaWdodCUzQSUyMGJvbGQlM0IlMEElMjAlMjBtYXJnaW4lM0ElMjAyMHB4JTIwMCUzQiUwQSUyMCUyMGNvbG9yJTNBJTIwJTIzMmYyNzYwJTNCJTBBJTdEJTBBLnNsaWRlci13cmFwcGVyJTIwJTdCJTBBJTIwJTIwb3ZlcmZsb3clM0ElMjBoaWRkZW4lM0IlMEElN0QlMEEuc2xpZGVyJTIwJTdCJTBBJTIwJTIwZGlzcGxheSUzQSUyMGZsZXglM0IlMEElMjAlMjB0cmFuc2l0aW9uJTNBJTIwdHJhbnNmb3JtJTIwMS4xcyUyMGN1YmljLWJlemllciUyODAuNyUyQzAlMkMwLjMlMkMxJTI5JTNCJTBBJTIwJTIwd2lsbC1jaGFuZ2UlM0ElMjB0cmFuc2Zvcm0lM0IlMEElN0QlMEEuY2FyZCUyMCU3QiUwQSUyMCUyMGJhY2tncm91bmQlM0ElMjAlMjNmZmYlM0IlMEElMjAlMjBtaW4td2lkdGglM0ElMjAzMDBweCUzQiUwQSUyMCUyMG1heC13aWR0aCUzQSUyMDMwMHB4JTNCJTBBJTIwJTIwbWFyZ2luJTNBJTIwMTBweCUzQiUwQSUyMCUyMHBhZGRpbmclM0ElMjAyMHB4JTNCJTBBJTIwJTIwYm9yZGVyLXJhZGl1cyUzQSUyMDE2cHglM0IlMEElMjAlMjBib3gtc2hhZG93JTNBJTIwMCUyMDRweCUyMDEwcHglMjByZ2JhJTI4MCUyQzAlMkMwJTJDMC4xJTI5JTNCJTBBJTIwJTIwdGV4dC1hbGlnbiUzQSUyMGxlZnQlM0IlMEElN0QlMEEuY2FyZCUyMGgzJTIwJTdCJTBBJTIwJTIwZm9udC1zaXplJTNBJTIwMjBweCUzQiUwQSUyMCUyMGZvbnQtd2VpZ2h0JTNBJTIwYm9sZCUzQiUwQSUyMCUyMG1hcmdpbi1ib3R0b20lM0ElMjAxMnB4JTNCJTBBJTIwJTIwY29sb3IlM0ElMjAlMjMyZjI3NjAlM0IlMEElN0QlMEEuY2FyZCUyMHAlMjAlN0IlMEElMjAlMjBmb250LXNpemUlM0ElMjAxNnB4JTNCJTBBJTIwJTIwY29sb3IlM0ElMjAlMjMzMzMlM0IlMEElMjAlMjBsaW5lLWhlaWdodCUzQSUyMDEuNiUzQiUwQSU3RCUwQSUyRiUyQSUyMEJvdCVDMyVBM28lMjBjaXJjdWxhciUyMGNvbSUyMHNldGElMjAlMkElMkYlMEEubmF2LWJ0biUyMCU3QiUwQSUyMCUyMHBvc2l0aW9uJTNBJTIwYWJzb2x1dGUlM0IlMEElMjAlMjB0b3AlM0ElMjA1MCUyNSUzQiUwQSUyMCUyMHRyYW5zZm9ybSUzQSUyMHRyYW5zbGF0ZVklMjgtNTAlMjUlMjklM0IlMEElMjAlMjBiYWNrZ3JvdW5kJTNBJTIwJTIzZmZmJTNCJTBBJTIwJTIwYm9yZGVyJTNBJTIwMnB4JTIwc29saWQlMjAlMjMyZjI3NjAlM0IlMEElMjAlMjBib3JkZXItcmFkaXVzJTNBJTIwNTAlMjUlM0IlMEElMjAlMjB3aWR0aCUzQSUyMDQ4cHglM0IlMEElMjAlMjBoZWlnaHQlM0ElMjA0OHB4JTNCJTBBJTIwJTIwY3Vyc29yJTNBJTIwcG9pbnRlciUzQiUwQSUyMCUyMHotaW5kZXglM0ElMjAxMDAlM0IlMEElMjAlMjBkaXNwbGF5JTNBJTIwZmxleCUzQiUwQSUyMCUyMGFsaWduLWl0ZW1zJTNBJTIwY2VudGVyJTNCJTBBJTIwJTIwanVzdGlmeS1jb250ZW50JTNBJTIwY2VudGVyJTNCJTBBJTIwJTIwYm94LXNoYWRvdyUzQSUyMDAlMjAycHglMjA4cHglMjByZ2JhJTI4NDclMkMzOSUyQzk2JTJDMC4xNSUyOSUzQiUwQSUyMCUyMHBhZGRpbmclM0ElMjAwJTNCJTBBJTIwJTIwdHJhbnNpdGlvbiUzQSUyMGJhY2tncm91bmQlMjAwLjJzJTJDJTIwYm9yZGVyLWNvbG9yJTIwMC4ycyUzQiUwQSU3RCUwQS5uYXYtYnRuJTNBJTNBYmVmb3JlJTIwJTdCJTBBJTIwJTIwY29udGVudCUzQSUyMCUyNyUyNyUzQiUwQSUyMCUyMGRpc3BsYXklM0ElMjBibG9jayUzQiUwQSUyMCUyMHdpZHRoJTNBJTIwMTRweCUzQiUwQSUyMCUyMGhlaWdodCUzQSUyMDE0cHglM0IlMEElMjAlMjBib3JkZXIlM0ElMjBzb2xpZCUyMCUyMzJmMjc2MCUzQiUwQSUyMCUyMGJvcmRlci13aWR0aCUzQSUyMDAlMjAzLjVweCUyMDMuNXB4JTIwMCUzQiUwQSUyMCUyMGJhY2tncm91bmQlM0ElMjBub25lJTNCJTBBJTdEJTBBLnByZXYlMjAlN0IlMjBsZWZ0JTNBJTIwMTBweCUzQiUyMCU3RCUwQS5wcmV2JTNBJTNBYmVmb3JlJTIwJTdCJTIwdHJhbnNmb3JtJTNBJTIwcm90YXRlJTI4MTM1ZGVnJTI5JTNCJTIwJTdEJTBBLm5leHQlMjAlN0IlMjByaWdodCUzQSUyMDEwcHglM0IlMjAlN0QlMEEubmV4dCUzQSUzQWJlZm9yZSUyMCU3QiUyMHRyYW5zZm9ybSUzQSUyMHJvdGF0ZSUyOC00NWRlZyUyOSUzQiUyMCU3RCUwQS5uYXYtYnRuJTNBaG92ZXIlMkMlMjAubmF2LWJ0biUzQWZvY3VzJTIwJTdCJTBBJTIwJTIwYmFja2dyb3VuZCUzQSUyMCUyMzJmMjc2MCUzQiUwQSUyMCUyMGJvcmRlci1jb2xvciUzQSUyMCUyM0FCQTlCRiUzQiUwQSU3RCUwQS5uYXYtYnRuJTNBaG92ZXIlM0ElM0FiZWZvcmUlMkMlMjAubmF2LWJ0biUzQWZvY3VzJTNBJTNBYmVmb3JlJTIwJTdCJTBBJTIwJTIwYm9yZGVyLWNvbG9yJTNBJTIwJTIzZmZmJTNCJTBBJTdEJTBBLmluZGljYXRvcnMlMjAlN0IlMEElMjAlMjB0ZXh0LWFsaWduJTNBJTIwY2VudGVyJTNCJTBBJTIwJTIwbWFyZ2luJTNBJTIwMTVweCUyMDAlM0IlMEElN0QlMEEuaW5kaWNhdG9ycyUyMHNwYW4lMjAlN0IlMEElMjAlMjBkaXNwbGF5JTNBJTIwaW5saW5lLWJsb2NrJTNCJTBBJTIwJTIwd2lkdGglM0ElMjAxMnB4JTNCJTBBJTIwJTIwaGVpZ2h0JTNBJTIwMTJweCUzQiUwQSUyMCUyMG1hcmdpbiUzQSUyMDAlMjA0cHglM0IlMEElMjAlMjBiYWNrZ3JvdW5kJTNBJTIwJTIzY2NjJTNCJTBBJTIwJTIwYm9yZGVyLXJhZGl1cyUzQSUyMDUwJTI1JTNCJTBBJTIwJTIwY3Vyc29yJTNBJTIwcG9pbnRlciUzQiUwQSU3RCUwQS5pbmRpY2F0b3JzJTIwLmFjdGl2ZSUyMCU3QiUwQSUyMCUyMGJhY2tncm91bmQlM0ElMjAlMjMyZjI3NjAlM0IlMEElN0QlMEElMEElMkYlMkElMjBSZXNwb25zaXZvJTNBJTIwbWVub3MlMjBjYXJkcyUyMHBvciUyMHZleiUyMGVtJTIwdGVsYXMlMjBtZW5vcmVzJTIwJTJBJTJGJTBBJTQwbWVkaWElMjAlMjhtYXgtd2lkdGglM0ElMjAxMjAwcHglMjklMjAlN0IlMEElMjAlMjAuc2xpZGVyLWNvbnRhaW5lciUyMCU3QiUyMG1heC13aWR0aCUzQSUyMDEwMCUyNSUzQiUyMHBhZGRpbmclM0ElMjAwJTIwMTZweCUzQiU3RCUwQSUyMCUyMC5jYXJkJTIwJTdCJTIwbWluLXdpZHRoJTNBJTIwMjYwcHglM0IlMjBtYXgtd2lkdGglM0ElMjAyNjBweCUzQiU3RCUwQSU3RCUwQSU0MG1lZGlhJTIwJTI4bWF4LXdpZHRoJTNBJTIwOTAwcHglMjklMjAlN0IlMEElMjAlMjAuc2xpZGVyLWNvbnRhaW5lciUyMCU3QiUyMHBhZGRpbmclM0ElMjAwJTIwNXB4JTNCJTdEJTBBJTIwJTIwLmNhcmQlMjAlN0IlMjBtaW4td2lkdGglM0ElMjA4MHZ3JTNCJTIwbWF4LXdpZHRoJTNBJTIwODB2dyUzQiU3RCUwQSU3RCUwQSUzQyUyRnN0eWxlJTNFJTBBJTBBJTNDc2NyaXB0JTNFJTBBY29uc3QlMjBzbGlkZXIlMjAlM0QlMjBkb2N1bWVudC5xdWVyeVNlbGVjdG9yJTI4JTI3LnNsaWRlciUyNyUyOSUzQiUwQWNvbnN0JTIwY2FyZHMlMjAlM0QlMjBkb2N1bWVudC5xdWVyeVNlbGVjdG9yQWxsJTI4JTI3LmNhcmQlMjclMjklM0IlMEFjb25zdCUyMHByZXZCdG4lMjAlM0QlMjBkb2N1bWVudC5xdWVyeVNlbGVjdG9yJTI4JTI3LnByZXYlMjclMjklM0IlMEFjb25zdCUyMG5leHRCdG4lMjAlM0QlMjBkb2N1bWVudC5xdWVyeVNlbGVjdG9yJTI4JTI3Lm5leHQlMjclMjklM0IlMEFjb25zdCUyMGluZGljYXRvcnNDb250YWluZXIlMjAlM0QlMjBkb2N1bWVudC5xdWVyeVNlbGVjdG9yJTI4JTI3LmluZGljYXRvcnMlMjclMjklM0IlMEElMEFsZXQlMjBjdXJyZW50UGFnZSUyMCUzRCUyMDAlM0IlMEFsZXQlMjB2aXNpYmxlQ2FyZHMlMjAlM0QlMjAzJTNCJTBBJTBBZnVuY3Rpb24lMjBnZXRWaXNpYmxlQ2FyZHMlMjglMjklMjAlN0IlMEElMjAlMjBpZiUyMCUyOHdpbmRvdy5pbm5lcldpZHRoJTIwJTNDJTIwOTAwJTI5JTIwcmV0dXJuJTIwMSUzQiUwQSUyMCUyMGlmJTIwJTI4d2luZG93LmlubmVyV2lkdGglMjAlM0MlMjAxMzAwJTI5JTIwcmV0dXJuJTIwMiUzQiUwQSUyMCUyMHJldHVybiUyMDMlM0IlMEElN0QlMEFmdW5jdGlvbiUyMGdldFRvdGFsUGFnZXMlMjglMjklMjAlN0IlMEElMjAlMjByZXR1cm4lMjBNYXRoLmNlaWwlMjhjYXJkcy5sZW5ndGglMjAlMkYlMjB2aXNpYmxlQ2FyZHMlMjklM0IlMEElN0QlMEFmdW5jdGlvbiUyMHVwZGF0ZVNsaWRlciUyOCUyOSUyMCU3QiUwQSUyMCUyMHZpc2libGVDYXJkcyUyMCUzRCUyMGdldFZpc2libGVDYXJkcyUyOCUyOSUzQiUwQSUyMCUyMGNvbnN0JTIwY2FyZFdpZHRoJTIwJTNEJTIwY2FyZHMlNUIwJTVELm9mZnNldFdpZHRoJTIwJTJCJTIwMjAlM0IlMEElMjAlMjBzbGlkZXIuc3R5bGUudHJhbnNmb3JtJTIwJTNEJTIwJTYwdHJhbnNsYXRlWCUyOC0lMjQlN0JjdXJyZW50UGFnZSUyMCUyQSUyMGNhcmRXaWR0aCUyMCUyQSUyMHZpc2libGVDYXJkcyU3RHB4JTI5JTYwJTNCJTBBJTIwJTIwcmVuZGVySW5kaWNhdG9ycyUyOCUyOSUzQiUwQSU3RCUwQWZ1bmN0aW9uJTIwcmVuZGVySW5kaWNhdG9ycyUyOCUyOSUyMCU3QiUwQSUyMCUyMGluZGljYXRvcnNDb250YWluZXIuaW5uZXJIVE1MJTIwJTNEJTIwJTIyJTIyJTNCJTBBJTIwJTIwbGV0JTIwdG90YWxQYWdlcyUyMCUzRCUyMGdldFRvdGFsUGFnZXMlMjglMjklM0IlMEElMjAlMjBmb3IlMjAlMjhsZXQlMjBpJTIwJTNEJTIwMCUzQiUyMGklMjAlM0MlMjB0b3RhbFBhZ2VzJTNCJTIwaSUyQiUyQiUyOSUyMCU3QiUwQSUyMCUyMCUyMCUyMGNvbnN0JTIwZG90JTIwJTNEJTIwZG9jdW1lbnQuY3JlYXRlRWxlbWVudCUyOCUyN3NwYW4lMjclMjklM0IlMEElMjAlMjAlMjAlMjBpZiUyMCUyOGklMjAlM0QlM0QlM0QlMjBjdXJyZW50UGFnZSUyOSUyMGRvdC5jbGFzc0xpc3QuYWRkJTI4JTI3YWN0aXZlJTI3JTI5JTNCJTBBJTIwJTIwJTIwJTIwZG90Lm9uY2xpY2slMjAlM0QlMjAlMjglMjklMjAlM0QlM0UlMjAlN0IlMjBjdXJyZW50UGFnZSUyMCUzRCUyMGklM0IlMjB1cGRhdGVTbGlkZXIlMjglMjklM0IlMjAlN0QlM0IlMEElMjAlMjAlMjAlMjBpbmRpY2F0b3JzQ29udGFpbmVyLmFwcGVuZENoaWxkJTI4ZG90JTI5JTNCJTBBJTIwJTIwJTdEJTBBJTdEJTBBcHJldkJ0bi5vbmNsaWNrJTIwJTNEJTIwJTI4JTI5JTIwJTNEJTNFJTIwJTdCJTBBJTIwJTIwaWYlMjAlMjhjdXJyZW50UGFnZSUyMCUzRSUyMDAlMjklMjAlN0IlMEElMjAlMjAlMjAlMjBjdXJyZW50UGFnZS0tJTNCJTBBJTIwJTIwJTIwJTIwdXBkYXRlU2xpZGVyJTI4JTI5JTNCJTBBJTIwJTIwJTdEJTBBJTdEJTNCJTBBbmV4dEJ0bi5vbmNsaWNrJTIwJTNEJTIwJTI4JTI5JTIwJTNEJTNFJTIwJTdCJTBBJTIwJTIwaWYlMjAlMjhjdXJyZW50UGFnZSUyMCUzQyUyMGdldFRvdGFsUGFnZXMlMjglMjklMjAtJTIwMSUyOSUyMCU3QiUwQSUyMCUyMCUyMCUyMGN1cnJlbnRQYWdlJTJCJTJCJTNCJTBBJTIwJTIwJTIwJTIwdXBkYXRlU2xpZGVyJTI4JTI5JTNCJTBBJTIwJTIwJTdEJTBBJTdEJTNCJTBBJTJGJTJGJTIwUmVzcG9uc2l2byUwQXdpbmRvdy5hZGRFdmVudExpc3RlbmVyJTI4JTI3cmVzaXplJTI3JTJDJTIwJTI4JTI5JTIwJTNEJTNFJTIwJTdCJTBBJTIwJTIwY3VycmVudFBhZ2UlMjAlM0QlMjAwJTNCJTBBJTIwJTIwdXBkYXRlU2xpZGVyJTI4JTI5JTNCJTBBJTdEJTI5JTNCJTBBJTJGJTJGJTIwSW5pY2lhbGl6YSVDMyVBNyVDMyVBM28lMEF3aW5kb3cub25sb2FkJTIwJTNEJTIwJTI4JTI5JTIwJTNEJTNFJTIwJTdCJTBBJTIwJTIwdXBkYXRlU2xpZGVyJTI4JTI5JTNCJTBBJTdEJTNCJTBBJTNDJTJGc2NyaXB0JTNFJTBB[\/vc_raw_html][\/vc_column][\/vc_row]<\/p>\n<\/div>","protected":false},"excerpt":{"rendered":"<p>[vc_row css=&#8221;.vc_custom_1759966725904{margin-right: 0px !important;background: #231F59 url(https:\/\/amazonclimatehub.org\/wp-content\/uploads\/2025\/10\/Ensaio-RJ-Comunidades-Quilombolas-Indigenasbb-AMAZONCLIMATEHUB.jpg?id=30695) !important;}&#8221; row_title=&#8221;Heading&#8221;][vc_column][vc_empty_space height=&#8221;100px&#8221;][vc_column_text css=&#8221;.vc_custom_1760009496264{margin-right: 15vw !important;margin-left: 15vw !important;}&#8221;] INSTITUTO INTERNACIONAL ARAYARA [\/vc_column_text][vc_empty_space height=&#8221;16px&#8221;][vc_column_text css=&#8221;.vc_custom_1760009502554{margin-right: 15vw !important;margin-left: 15vw !important;}&#8221;] Nossa miss\u00e3o \u00e9 promover a justi\u00e7a clim\u00e1tica e a transi\u00e7\u00e3o energ\u00e9tica justa, defendendo os direitos dos&#8230;<\/p>\n","protected":false},"author":5,"featured_media":0,"parent":0,"menu_order":0,"comment_status":"closed","ping_status":"closed","template":"elementor_theme","meta":{"_eb_attr":"","_themeisle_gutenberg_block_has_review":false,"footnotes":""},"class_list":["post-56","page","type-page","status-publish","hentry"],"yoast_head":"<!-- This site is optimized with the Yoast SEO plugin v26.2 - https:\/\/yoast.com\/wordpress\/plugins\/seo\/ -->\n<title>ARAYARA - Amazon Climate Hub<\/title>\n<meta name=\"robots\" content=\"index, follow, max-snippet:-1, max-image-preview:large, max-video-preview:-1\" \/>\n<link rel=\"canonical\" href=\"https:\/\/amazonclimatehub.org\/?page_id=56\" \/>\n<meta property=\"og:locale\" content=\"pt_BR\" \/>\n<meta property=\"og:type\" content=\"article\" \/>\n<meta property=\"og:title\" content=\"ARAYARA - Amazon Climate Hub\" \/>\n<meta property=\"og:description\" content=\"[vc_row css=&#8221;.vc_custom_1759966725904{margin-right: 0px !important;background: #231F59 url(https:\/\/amazonclimatehub.org\/wp-content\/uploads\/2025\/10\/Ensaio-RJ-Comunidades-Quilombolas-Indigenasbb-AMAZONCLIMATEHUB.jpg?id=30695) !important;}&#8221; row_title=&#8221;Heading&#8221;][vc_column][vc_empty_space height=&#8221;100px&#8221;][vc_column_text css=&#8221;.vc_custom_1760009496264{margin-right: 15vw !important;margin-left: 15vw !important;}&#8221;] INSTITUTO INTERNACIONAL ARAYARA [\/vc_column_text][vc_empty_space height=&#8221;16px&#8221;][vc_column_text css=&#8221;.vc_custom_1760009502554{margin-right: 15vw !important;margin-left: 15vw !important;}&#8221;] Nossa miss\u00e3o \u00e9 promover a justi\u00e7a clim\u00e1tica e a transi\u00e7\u00e3o energ\u00e9tica justa, defendendo os direitos dos...\" \/>\n<meta property=\"og:url\" content=\"https:\/\/amazonclimatehub.org\/?page_id=56\" \/>\n<meta property=\"og:site_name\" content=\"Amazon Climate Hub\" \/>\n<meta property=\"article:publisher\" content=\"https:\/\/www.facebook.com\/arayaraoficial\" \/>\n<meta property=\"article:modified_time\" content=\"2025-10-29T17:43:59+00:00\" \/>\n<meta name=\"twitter:card\" content=\"summary_large_image\" \/>\n<meta name=\"twitter:site\" content=\"@arayaraoficial\" \/>\n<meta name=\"twitter:label1\" content=\"Est. tempo de leitura\" \/>\n\t<meta name=\"twitter:data1\" content=\"2 minutos\" \/>\n<script type=\"application\/ld+json\" class=\"yoast-schema-graph\">{\"@context\":\"https:\/\/schema.org\",\"@graph\":[{\"@type\":\"WebPage\",\"@id\":\"https:\/\/amazonclimatehub.org\/?page_id=56\",\"url\":\"https:\/\/amazonclimatehub.org\/?page_id=56\",\"name\":\"ARAYARA - Amazon Climate Hub\",\"isPartOf\":{\"@id\":\"https:\/\/amazonclimatehub.org\/#website\"},\"datePublished\":\"2025-08-20T18:46:40+00:00\",\"dateModified\":\"2025-10-29T17:43:59+00:00\",\"breadcrumb\":{\"@id\":\"https:\/\/amazonclimatehub.org\/?page_id=56#breadcrumb\"},\"inLanguage\":\"pt-BR\",\"potentialAction\":[{\"@type\":\"ReadAction\",\"target\":[\"https:\/\/amazonclimatehub.org\/?page_id=56\"]}]},{\"@type\":\"BreadcrumbList\",\"@id\":\"https:\/\/amazonclimatehub.org\/?page_id=56#breadcrumb\",\"itemListElement\":[{\"@type\":\"ListItem\",\"position\":1,\"name\":\"In\u00edcio\",\"item\":\"https:\/\/amazonclimatehub.org\/\"},{\"@type\":\"ListItem\",\"position\":2,\"name\":\"ARAYARA\"}]},{\"@type\":\"WebSite\",\"@id\":\"https:\/\/amazonclimatehub.org\/#website\",\"url\":\"https:\/\/amazonclimatehub.org\/\",\"name\":\"Amazon Climate Hub\",\"description\":\"A Casa da ARAYARA na COP30\",\"publisher\":{\"@id\":\"https:\/\/amazonclimatehub.org\/#organization\"},\"potentialAction\":[{\"@type\":\"SearchAction\",\"target\":{\"@type\":\"EntryPoint\",\"urlTemplate\":\"https:\/\/amazonclimatehub.org\/?s={search_term_string}\"},\"query-input\":{\"@type\":\"PropertyValueSpecification\",\"valueRequired\":true,\"valueName\":\"search_term_string\"}}],\"inLanguage\":\"pt-BR\"},{\"@type\":\"Organization\",\"@id\":\"https:\/\/amazonclimatehub.org\/#organization\",\"name\":\"ARAYARA\",\"url\":\"https:\/\/amazonclimatehub.org\/\",\"logo\":{\"@type\":\"ImageObject\",\"inLanguage\":\"pt-BR\",\"@id\":\"https:\/\/amazonclimatehub.org\/#\/schema\/logo\/image\/\",\"url\":\"https:\/\/amazonclimatehub.org\/wp-content\/uploads\/2025\/08\/Logo-ARAYARA-AMAZON-CLIMATE-HUB-seo@150x-100-scaled.jpg\",\"contentUrl\":\"https:\/\/amazonclimatehub.org\/wp-content\/uploads\/2025\/08\/Logo-ARAYARA-AMAZON-CLIMATE-HUB-seo@150x-100-scaled.jpg\",\"width\":2560,\"height\":1440,\"caption\":\"ARAYARA\"},\"image\":{\"@id\":\"https:\/\/amazonclimatehub.org\/#\/schema\/logo\/image\/\"},\"sameAs\":[\"https:\/\/www.facebook.com\/arayaraoficial\",\"https:\/\/x.com\/arayaraoficial\",\"https:\/\/www.instagram.com\/arayaraoficial\/\",\"https:\/\/www.youtube.com\/@ArayaraOficial\",\"https:\/\/www.linkedin.com\/company\/instituto-internacional-arayara\/\"]}]}<\/script>\n<!-- \/ Yoast SEO plugin. -->","yoast_head_json":{"title":"ARAYARA - Amazon Climate Hub","robots":{"index":"index","follow":"follow","max-snippet":"max-snippet:-1","max-image-preview":"max-image-preview:large","max-video-preview":"max-video-preview:-1"},"canonical":"https:\/\/amazonclimatehub.org\/?page_id=56","og_locale":"pt_BR","og_type":"article","og_title":"ARAYARA - Amazon Climate Hub","og_description":"[vc_row css=&#8221;.vc_custom_1759966725904{margin-right: 0px !important;background: #231F59 url(https:\/\/amazonclimatehub.org\/wp-content\/uploads\/2025\/10\/Ensaio-RJ-Comunidades-Quilombolas-Indigenasbb-AMAZONCLIMATEHUB.jpg?id=30695) !important;}&#8221; row_title=&#8221;Heading&#8221;][vc_column][vc_empty_space height=&#8221;100px&#8221;][vc_column_text css=&#8221;.vc_custom_1760009496264{margin-right: 15vw !important;margin-left: 15vw !important;}&#8221;] INSTITUTO INTERNACIONAL ARAYARA [\/vc_column_text][vc_empty_space height=&#8221;16px&#8221;][vc_column_text css=&#8221;.vc_custom_1760009502554{margin-right: 15vw !important;margin-left: 15vw !important;}&#8221;] Nossa miss\u00e3o \u00e9 promover a justi\u00e7a clim\u00e1tica e a transi\u00e7\u00e3o energ\u00e9tica justa, defendendo os direitos dos...","og_url":"https:\/\/amazonclimatehub.org\/?page_id=56","og_site_name":"Amazon Climate Hub","article_publisher":"https:\/\/www.facebook.com\/arayaraoficial","article_modified_time":"2025-10-29T17:43:59+00:00","twitter_card":"summary_large_image","twitter_site":"@arayaraoficial","twitter_misc":{"Est. tempo de leitura":"2 minutos"},"schema":{"@context":"https:\/\/schema.org","@graph":[{"@type":"WebPage","@id":"https:\/\/amazonclimatehub.org\/?page_id=56","url":"https:\/\/amazonclimatehub.org\/?page_id=56","name":"ARAYARA - Amazon Climate Hub","isPartOf":{"@id":"https:\/\/amazonclimatehub.org\/#website"},"datePublished":"2025-08-20T18:46:40+00:00","dateModified":"2025-10-29T17:43:59+00:00","breadcrumb":{"@id":"https:\/\/amazonclimatehub.org\/?page_id=56#breadcrumb"},"inLanguage":"pt-BR","potentialAction":[{"@type":"ReadAction","target":["https:\/\/amazonclimatehub.org\/?page_id=56"]}]},{"@type":"BreadcrumbList","@id":"https:\/\/amazonclimatehub.org\/?page_id=56#breadcrumb","itemListElement":[{"@type":"ListItem","position":1,"name":"In\u00edcio","item":"https:\/\/amazonclimatehub.org\/"},{"@type":"ListItem","position":2,"name":"ARAYARA"}]},{"@type":"WebSite","@id":"https:\/\/amazonclimatehub.org\/#website","url":"https:\/\/amazonclimatehub.org\/","name":"Amazon Climate Hub","description":"A Casa da ARAYARA na COP30","publisher":{"@id":"https:\/\/amazonclimatehub.org\/#organization"},"potentialAction":[{"@type":"SearchAction","target":{"@type":"EntryPoint","urlTemplate":"https:\/\/amazonclimatehub.org\/?s={search_term_string}"},"query-input":{"@type":"PropertyValueSpecification","valueRequired":true,"valueName":"search_term_string"}}],"inLanguage":"pt-BR"},{"@type":"Organization","@id":"https:\/\/amazonclimatehub.org\/#organization","name":"ARAYARA","url":"https:\/\/amazonclimatehub.org\/","logo":{"@type":"ImageObject","inLanguage":"pt-BR","@id":"https:\/\/amazonclimatehub.org\/#\/schema\/logo\/image\/","url":"https:\/\/amazonclimatehub.org\/wp-content\/uploads\/2025\/08\/Logo-ARAYARA-AMAZON-CLIMATE-HUB-seo@150x-100-scaled.jpg","contentUrl":"https:\/\/amazonclimatehub.org\/wp-content\/uploads\/2025\/08\/Logo-ARAYARA-AMAZON-CLIMATE-HUB-seo@150x-100-scaled.jpg","width":2560,"height":1440,"caption":"ARAYARA"},"image":{"@id":"https:\/\/amazonclimatehub.org\/#\/schema\/logo\/image\/"},"sameAs":["https:\/\/www.facebook.com\/arayaraoficial","https:\/\/x.com\/arayaraoficial","https:\/\/www.instagram.com\/arayaraoficial\/","https:\/\/www.youtube.com\/@ArayaraOficial","https:\/\/www.linkedin.com\/company\/instituto-internacional-arayara\/"]}]}},"_links":{"self":[{"href":"https:\/\/amazonclimatehub.org\/index.php?rest_route=\/wp\/v2\/pages\/56","targetHints":{"allow":["GET"]}}],"collection":[{"href":"https:\/\/amazonclimatehub.org\/index.php?rest_route=\/wp\/v2\/pages"}],"about":[{"href":"https:\/\/amazonclimatehub.org\/index.php?rest_route=\/wp\/v2\/types\/page"}],"author":[{"embeddable":true,"href":"https:\/\/amazonclimatehub.org\/index.php?rest_route=\/wp\/v2\/users\/5"}],"replies":[{"embeddable":true,"href":"https:\/\/amazonclimatehub.org\/index.php?rest_route=%2Fwp%2Fv2%2Fcomments&post=56"}],"version-history":[{"count":36,"href":"https:\/\/amazonclimatehub.org\/index.php?rest_route=\/wp\/v2\/pages\/56\/revisions"}],"predecessor-version":[{"id":31650,"href":"https:\/\/amazonclimatehub.org\/index.php?rest_route=\/wp\/v2\/pages\/56\/revisions\/31650"}],"wp:attachment":[{"href":"https:\/\/amazonclimatehub.org\/index.php?rest_route=%2Fwp%2Fv2%2Fmedia&parent=56"}],"curies":[{"name":"wp","href":"https:\/\/api.w.org\/{rel}","templated":true}]}}