{"id":74,"date":"2025-08-20T13:53:25","date_gmt":"2025-08-20T16:53:25","guid":{"rendered":"http:\/\/localhost\/testearayara\/?page_id=20"},"modified":"2025-10-10T10:55:20","modified_gmt":"2025-10-10T13:55:20","slug":"sobre-o-hub","status":"publish","type":"page","link":"https:\/\/amazonclimatehub.org\/?page_id=74","title":{"rendered":"Sobre o Hub"},"content":{"rendered":"<div class=\"wpb-content-wrapper\"><p>[vc_row css=&#8221;.vc_custom_1760017864228{background-color: #231F59 !important;}&#8221;][vc_column][vc_column_text css=&#8221;.vc_custom_1760018020201{margin-right: 15vw !important;margin-left: 15vw !important;padding-top: 10% !important;padding-bottom: 2% !important;}&#8221;]<\/p>\n<h3 style=\"font-size: 28px;\">O mundo est\u00e1 em um ponto de inflex\u00e3o cr\u00edtico. Sistemas clim\u00e1ticos, tecnol\u00f3gicos e sociais enfrentam press\u00f5es imensas. A COP 30, realizada no cora\u00e7\u00e3o da Amaz\u00f4nia, representa uma oportunidade \u00fanica em uma gera\u00e7\u00e3o para reunir agentes globais de mudan\u00e7a, criadores, cientistas, juristas, lideran\u00e7as ind\u00edgenas, estudantes e empreendedores sociais em um espa\u00e7o h\u00edbrido e din\u00e2mico dedicado a solu\u00e7\u00f5es.<\/h3>\n<h3 style=\"font-size: 28px;\">Amazon Climate Hub na COP 30 n\u00e3o \u00e9 apenas um espa\u00e7o: \u00e9 um laborat\u00f3rio vivo de inova\u00e7\u00e3o clim\u00e1tica, criado para fomentar a inven\u00e7\u00e3o, di\u00e1logo e colabora\u00e7\u00e3o. Este espa\u00e7o ir\u00e1 combinar tecnologias de ponta com sistemas de conhecimento ancestral \u2014 apoiando a inova\u00e7\u00e3o inclusiva em prol do bem comum.<\/h3>\n<p>[\/vc_column_text][\/vc_column][\/vc_row][vc_row full_width=&#8221;stretch_row_content_no_spaces&#8221; css=&#8221;.vc_custom_1759866736390{background-color: #C9DEA0 !important;background-position: center !important;background-repeat: no-repeat !important;background-size: contain !important;}&#8221;][vc_column width=&#8221;1\/2&#8243; css=&#8221;.vc_custom_1760018099957{margin-top: 15px !important;margin-left: 15vw !important;padding-right: 50px !important;}&#8221;][vc_column_text css=&#8221;.vc_custom_1760018169167{padding-top: 2% !important;padding-right: 30% !important;padding-bottom: 2% !important;}&#8221;]<\/p>\n<h6 style=\"color: #231f59;\">CONTEXTO E RELEV\u00c2NCIA<\/h6>\n<p>&nbsp;<\/p>\n<p style=\"color: #231f59;\">A realiza\u00e7\u00e3o da COP 30 em Bel\u00e9m marca a primeira vez que a floresta amaz\u00f4nica \u2014 lar da maior floresta tropical, rio e aqu\u00edfero do planeta \u2014 se torna o epicentro geopol\u00edtico das negocia\u00e7\u00f5es clim\u00e1ticas globais. No entanto, a regi\u00e3o enfrenta amea\u00e7as crescentes: desmatamento, explora\u00e7\u00e3o de combust\u00edveis f\u00f3sseis, minera\u00e7\u00e3o ilegal e eros\u00e3o dos territ\u00f3rios tradicionais.<\/p>\n<p>&nbsp;<\/p>\n<p style=\"color: #231f59;\">Num territ\u00f3rio com acesso f\u00edsico desafiador e infraestrutura limitada, a tecnologia torna-se n\u00e3o apenas uma ferramenta de resist\u00eancia, mas tamb\u00e9m um ve\u00edculo de justi\u00e7a. Inova\u00e7\u00f5es em monitoramento, ci\u00eancia de dados, formula\u00e7\u00e3o de pol\u00edticas p\u00fablicas, narrativas e aplica\u00e7\u00e3o legal s\u00e3o urgentemente necess\u00e1rias para acelerar impactos em larga escala.<\/p>\n<p>&nbsp;<\/p>\n<p style=\"color: #231f59;\">O Amazon Climate Hub responde a esse desafio criando um espa\u00e7o paralelo \u00e0s negocia\u00e7\u00f5es oficiais, onde ideias s\u00e3o prototipadas, redes s\u00e3o formadas e tecnologias s\u00e3o apresentadas \u2014 tudo isso enraizado na express\u00e3o cultural e na sabedoria local.<\/p>\n<p>[\/vc_column_text][\/vc_column][vc_column width=&#8221;1\/2&#8243; row-text-align=&#8221;right&#8221; css=&#8221;.vc_custom_1759866868430{margin-top: -20px !important;margin-bottom: -20px !important;background-position: center !important;background-repeat: no-repeat !important;background-size: cover !important;}&#8221;][vc_single_image image=&#8221;30705&#8243; img_size=&#8221;700&#215;1050&#8243; alignment=&#8221;right&#8221; css=&#8221;.vc_custom_1759969789391{margin-top: -30px !important;margin-bottom: 0px !important;padding-bottom: 10px !important;background-position: center !important;background-repeat: no-repeat !important;background-size: cover !important;}&#8221;][\/vc_column][\/vc_row][vc_row css=&#8221;.vc_custom_1759863602541{background-color: #EDF5DE !important;}&#8221;][vc_column css=&#8221;.vc_custom_1760018228459{margin-right: 15vw !important;margin-left: 15vw !important;}&#8221;][vc_column_text css=&#8221;.vc_custom_1760018217301{padding-top: 2% !important;padding-right: 2% !important;padding-bottom: 2% !important;}&#8221;]<\/p>\n<h6 style=\"color: #231f59;\">VIS\u00c3O GERAL DO CONCEITO<\/h6>\n<p style=\"color: #231f59;\">O Amazon Climate Hub ser\u00e1 um espa\u00e7o imersivo, tecnol\u00f3gico e multifuncional, projetado para cumprir seis fun\u00e7\u00f5es centrais:<\/p>\n<p>[\/vc_column_text][\/vc_column][\/vc_row][vc_row gap=&#8221;10&#8243; css=&#8221;.vc_custom_1760019137194{background-color: #EDF5DE !important;}&#8221;][vc_column width=&#8221;1\/2&#8243; css=&#8221;.vc_custom_1760018261289{margin-left: 15vw !important;padding-right: 5% !important;}&#8221;][vc_single_image image=&#8221;3376&#8243; img_size=&#8221;340&#215;272&#8243; style=&#8221;vc_box_shadow_border&#8221; css=&#8221;.vc_custom_1759969520006{background-position: center !important;background-repeat: no-repeat !important;background-size: contain !important;}&#8221;][vc_column_text css=&#8221;.vc_custom_1760018412198{margin-right: 100px !important;border-right-width: 250px !important;padding-top: 20px !important;padding-right: 150px !important;padding-bottom: 20px !important;}&#8221;]<\/p>\n<h6 style=\"color: #231f59; font-size: 24px;\">1. ATIVA\u00c7\u00c3O\u00a0 DO CONHECIMENTO<\/h6>\n<p style=\"color: #231f59;\">Audit\u00f3rio central e salas de reuni\u00e3o para palestras de alto impacto, sess\u00f5es estrat\u00e9gicas e demonstra\u00e7\u00f5es tecnol\u00f3gicas com foco em justi\u00e7a clim\u00e1tica, transi\u00e7\u00e3o energ\u00e9tica e inova\u00e7\u00e3o jur\u00eddica.<\/p>\n<p>[\/vc_column_text][vc_empty_space height=&#8221;90px&#8221;][vc_single_image image=&#8221;3374&#8243; img_size=&#8221;340&#215;272&#8243; style=&#8221;vc_box_shadow_border&#8221; css=&#8221;.vc_custom_1759969547567{background-position: center !important;background-repeat: no-repeat !important;background-size: contain !important;}&#8221;][vc_column_text css=&#8221;.vc_custom_1760018431164{margin-right: 100px !important;border-right-width: 250px !important;padding-top: 20px !important;padding-right: 150px !important;padding-bottom: 20px !important;}&#8221;]<\/p>\n<h6 style=\"color: #231f59; font-size: 24px;\">3. EXPOSI\u00c7\u00d5ES IMERSIVAS<\/h6>\n<p style=\"color: #231f59;\">Experi\u00eancia curada com realidade aumentada, artivismo e narrativas de dados que exploram os impactos clim\u00e1ticos, movimentos de resist\u00eancia e cen\u00e1rios futuros \u2014 sob a \u00f3tica da inven\u00e7\u00e3o e criatividade.<\/p>\n<p>[\/vc_column_text][vc_empty_space height=&#8221;90px&#8221;][vc_single_image image=&#8221;3375&#8243; img_size=&#8221;340&#215;272&#8243; style=&#8221;vc_box_shadow_border&#8221; css=&#8221;.vc_custom_1759969567676{background-position: center !important;background-repeat: no-repeat !important;background-size: contain !important;}&#8221;][vc_column_text css=&#8221;.vc_custom_1760018444814{margin-right: 100px !important;border-right-width: 250px !important;padding-top: 20px !important;padding-right: 150px !important;padding-bottom: 20px !important;}&#8221;]<\/p>\n<h6 style=\"color: #231f59; font-size: 24px;\">5. LOUNGE DE IMPRENSA E PARCERIAS<\/h6>\n<p style=\"color: #231f59;\">Centro de conex\u00e3o para a imprensa completo e \u00e1rea B2B para jornalistas, financiadores e inovadores interagirem com as hist\u00f3rias e tecnologias que est\u00e3o moldando o futuro clim\u00e1tico.<\/p>\n<p>[\/vc_column_text][\/vc_column][vc_column width=&#8221;1\/2&#8243; css=&#8221;.vc_custom_1760018807802{margin-right: 15vw !important;padding-left: 15% !important;}&#8221;][vc_single_image image=&#8221;19&#8243; img_size=&#8221;340&#215;272&#8243; style=&#8221;vc_box_shadow_border&#8221; css=&#8221;.vc_custom_1759969538035{background-position: center !important;background-repeat: no-repeat !important;background-size: contain !important;}&#8221;][vc_column_text css=&#8221;.vc_custom_1760018418382{margin-right: 100px !important;border-right-width: 250px !important;padding-top: 20px !important;padding-right: 150px !important;padding-bottom: 20px !important;}&#8221;]<\/p>\n<h6 style=\"color: #231f59; font-size: 24px;\">2. EST\u00daDIO DE COLABORA\u00c7\u00c3O GLOBAL<\/h6>\n<p style=\"color: #231f59;\">Espa\u00e7o de co-working din\u00e2mico que promove encontros espont\u00e2neos, reuni\u00f5es bilaterais e cocria\u00e7\u00e3o entre ativistas, formuladores de pol\u00edticas p\u00fablicas, acad\u00eamicos e atores de base.<\/p>\n<p>[\/vc_column_text][vc_empty_space height=&#8221;60px&#8221;][vc_single_image image=&#8221;3377&#8243; img_size=&#8221;340&#215;272&#8243; style=&#8221;vc_box_shadow_border&#8221; css=&#8221;.vc_custom_1759969557989{background-position: center !important;background-repeat: no-repeat !important;background-size: contain !important;}&#8221;][vc_column_text css=&#8221;.vc_custom_1760018438213{margin-right: 100px !important;border-right-width: 250px !important;padding-top: 20px !important;padding-right: 150px !important;padding-bottom: 20px !important;}&#8221;]<\/p>\n<h6 style=\"color: #231f59; font-size: 24px;\">4. LABORAT\u00d3RIO DE M\u00cdDIA E CONTE\u00daDO<\/h6>\n<p style=\"color: #231f59;\">Est\u00fadio de transmiss\u00e3o ao vivo e podcast, com cobertura di\u00e1ria para audi\u00eancias globais, amplificando vozes sub-representadas e expandindo o impacto para al\u00e9m de Bel\u00e9m.<\/p>\n<p>[\/vc_column_text][vc_empty_space height=&#8221;60px&#8221;][vc_single_image image=&#8221;3372&#8243; img_size=&#8221;340&#215;272&#8243; style=&#8221;vc_box_shadow_border&#8221; css=&#8221;.vc_custom_1759969574855{background-position: center !important;background-repeat: no-repeat !important;background-size: contain !important;}&#8221;][vc_column_text css=&#8221;.vc_custom_1760018629595{margin-right: 100px !important;border-right-width: 250px !important;padding-top: 20px !important;padding-right: 150px !important;padding-bottom: 20px !important;}&#8221;]<\/p>\n<h6 style=\"color: #231f59; font-size: 24px;\">6. PONTE CULTURAL E GASTRON\u00d4MICA<\/h6>\n<p style=\"color: #231f59;\">Interven\u00e7\u00f5es culturais di\u00e1rias \u2014 m\u00fasica, dan\u00e7a, poesia e culin\u00e1ria \u2014 destacando a riqueza amaz\u00f4nica e a interdepend\u00eancia entre cultura e inova\u00e7\u00e3o.<\/p>\n<p>[\/vc_column_text][\/vc_column][\/vc_row][vc_row css=&#8221;.vc_custom_1760104105700{background-color: #FEFFFB !important;}&#8221;][vc_column][vc_column_text css=&#8221;.vc_custom_1760019078198{margin-right: 15vw !important;margin-bottom: 0px !important;margin-left: 15vw !important;padding-top: 2% !important;padding-right: 2% !important;}&#8221;]<\/p>\n<h6 style=\"color: #231f59;\">P\u00daBLICO ALVO E IMPACTO<\/h6>\n<p style=\"color: #231f59; font-weight: 600;\">O Amazon Climate Hub \u00e9 voltado para p\u00fablicos estrat\u00e9gicos que atuam na interse\u00e7\u00e3o entre tecnologia, pol\u00edticas p\u00fablicas e justi\u00e7a:<\/p>\n<p>[\/vc_column_text][\/vc_column][\/vc_row][vc_row css=&#8221;.vc_custom_1760104126131{background-color: #FEFFFB !important;}&#8221;][vc_column width=&#8221;2\/3&#8243; css=&#8221;.vc_custom_1760018930116{margin-left: 15vw !important;padding-right: 5% !important;}&#8221;][vc_column_text css=&#8221;.vc_custom_1760018987611{margin-right: 15vw !important;padding-right: 5% !important;}&#8221;]<\/p>\n<p style=\"font-size: 18px; color: #231f59; line-height: 1.5; margin-bottom: 0;\">\u2022Inventores e inovadores que enfrentam desafios clim\u00e1ticos e sociais;<\/p>\n<p style=\"font-size: 18px; color: #231f59; line-height: 1.5; margin-bottom: 0;\">\u2022Tecn\u00f3logos e l\u00edderes ind\u00edgenas que integram conhecimento ancestral e novas ferramentas;<\/p>\n<p style=\"font-size: 18px; color: #231f59; line-height: 1.5; margin-bottom: 0;\">\u2022Advogados e litigantes estrat\u00e9gicos que utilizam tecnologia para responsabiliza\u00e7\u00e3o;<\/p>\n<p style=\"font-size: 18px; color: #231f59; line-height: 1.5; margin-bottom: 0;\">\u2022Empreendedores sociais e ambientais;<\/p>\n<p style=\"font-size: 18px; color: #231f59; line-height: 1.5; margin-bottom: 0;\">\u2022Cientistas e pesquisadores que buscam aplicar suas descobertas na pr\u00e1tica;<\/p>\n<p style=\"font-size: 18px; color: #231f59; line-height: 1.5; margin-bottom: 0;\">\u2022Estudantes e jovens l\u00edderes de todo o mundo;<\/p>\n<p style=\"font-size: 18px; color: #231f59; line-height: 1.5; margin-bottom: 0;\">\u2022Comunicadores e m\u00eddias globais;<\/p>\n<p style=\"font-size: 18px; color: #231f59; line-height: 1.5; margin-bottom: 0;\">\u2022Formuladores de pol\u00edticas e financiadores em busca de solu\u00e7\u00f5es escal\u00e1veis e vi\u00e1veis.<\/p>\n<p>[\/vc_column_text][\/vc_column][vc_column width=&#8221;1\/3&#8243; css=&#8221;.vc_custom_1759868741199{margin-right: 250px !important;}&#8221;][vc_single_image image=&#8221;3664&#8243; css=&#8221;.vc_custom_1760018863777{margin-top: 65px !important;margin-right: 15vw !important;margin-bottom: 100px !important;}&#8221;][\/vc_column][\/vc_row][vc_row css=&#8221;.vc_custom_1760104403311{margin-right: 0px !important;background-color: #FEFFFB !important;}&#8221;][vc_column][vc_column_text css=&#8221;.vc_custom_1760019198874{margin-right: 15vw !important;margin-bottom: 0px !important;margin-left: 15vw !important;padding-top: 2% !important;padding-right: 2% !important;}&#8221;]<\/p>\n<p style=\"color: #231f59; font-size: 26px; font-weight: 600;\">O espa\u00e7o vai fomentar colabora\u00e7\u00f5es de longo prazo, catalisar novas inven\u00e7\u00f5es e dar visibilidade a ferramentas e modelos replic\u00e1veis em todo o Sul Global.<\/p>\n<p>[\/vc_column_text][vc_empty_space][\/vc_column][\/vc_row][vc_row css=&#8221;.vc_custom_1760104414084{background-color: #FEFFFB !important;background-position: center !important;background-repeat: no-repeat !important;background-size: cover !important;}&#8221;][vc_column][vc_btn title=&#8221;Endere\u00e7o: Rua Boaventura da Silva, 64 &#8211; Reduto. Bel\u00e9m &#8211; Par\u00e1\/Brasil (clique para ir para o Google Maps)&#8221; style=&#8221;custom&#8221; custom_background=&#8221;#231F59&#8243; custom_text=&#8221;#CCFF66&#8243; size=&#8221;lg&#8221; align=&#8221;center&#8221; css_animation=&#8221;bounceInDown&#8221; css=&#8221;.vc_custom_1760104517412{border-top-width: 10px !important;}&#8221; link=&#8221;url:https%3A%2F%2Fwww.google.com.br%2Fmaps%2Fplace%2FR.%2BBoaventura%2Bda%2BSilva%2C%2B64%2B-%2BReduto%2C%2BBel%25C3%25A9m%2B-%2BPA%2C%2B66053-050%2F%40-1.4507172%2C-48.4899352%2C20.16z%2Fdata%3D!4m15!1m8!3m7!1s0x92a48e908a7527f1%3A0x95eac7666c17dce3!2sR.%2BBoaventura%2Bda%2BSilva%2C%2B64%2B-%2BReduto%2C%2BBel%25C3%25A9m%2B-%2BPA%2C%2B66053-050!3b1!8m2!3d-1.4505828!4d-48.4897404!16s%252Fg%252F11t77wc2zl!3m5!1s0x92a48e90616c4c83%3A0x1d6e6c71439e6fc7!8m2!3d-1.4507078!4d-48.4897264!16s%252Fg%252F11csbv1w1b%3Fentry%3Dttu%26g_ep%3DEgoyMDI1MTAwNC4wIKXMDSoASAFQAw%253D%253D|title:Ir%20para%20o%20Google%20Maps|target:_blank&#8221;][vc_raw_html css=&#8221;.vc_custom_1759943747241{margin-bottom: 0px !important;}&#8221;]JTNDZGl2JTIwY2xhc3MlM0QlMjJ2Y19lbXB0eV9zcGFjZSUyMHZjX2N1c3RvbV8xNzU5OTM1NjUyNzY1JTIyJTNFJTBBJTIwJTIwJTNDc3BhbiUyMGNsYXNzJTNEJTIydmNfZW1wdHlfc3BhY2VfaW5uZXIlMjIlM0UlM0MlMkZzcGFuJTNFJTBBJTNDJTJGZGl2JTNFJTBB[\/vc_raw_html][\/vc_column][\/vc_row]<\/p>\n<\/div>","protected":false},"excerpt":{"rendered":"<p>[vc_row css=&#8221;.vc_custom_1760017864228{background-color: #231F59 !important;}&#8221;][vc_column][vc_column_text css=&#8221;.vc_custom_1760018020201{margin-right: 15vw !important;margin-left: 15vw !important;padding-top: 10% !important;padding-bottom: 2% !important;}&#8221;] O mundo est\u00e1 em um ponto de inflex\u00e3o cr\u00edtico. Sistemas clim\u00e1ticos, tecnol\u00f3gicos e sociais enfrentam press\u00f5es imensas. A COP 30, realizada no cora\u00e7\u00e3o da Amaz\u00f4nia, representa uma&#8230;<\/p>\n","protected":false},"author":5,"featured_media":0,"parent":0,"menu_order":0,"comment_status":"closed","ping_status":"closed","template":"","meta":{"_eb_attr":"","_themeisle_gutenberg_block_has_review":false,"footnotes":""},"class_list":["post-74","page","type-page","status-publish","hentry"],"yoast_head":"<!-- This site is optimized with the Yoast SEO plugin v26.2 - https:\/\/yoast.com\/wordpress\/plugins\/seo\/ -->\n<title>Sobre o Hub - Amazon Climate Hub<\/title>\n<meta name=\"robots\" content=\"index, follow, max-snippet:-1, max-image-preview:large, max-video-preview:-1\" \/>\n<link rel=\"canonical\" href=\"https:\/\/amazonclimatehub.org\/?page_id=74\" \/>\n<meta property=\"og:locale\" content=\"pt_BR\" \/>\n<meta property=\"og:type\" content=\"article\" \/>\n<meta property=\"og:title\" content=\"Sobre o Hub - Amazon Climate Hub\" \/>\n<meta property=\"og:description\" content=\"[vc_row css=&#8221;.vc_custom_1760017864228{background-color: #231F59 !important;}&#8221;][vc_column][vc_column_text css=&#8221;.vc_custom_1760018020201{margin-right: 15vw !important;margin-left: 15vw !important;padding-top: 10% !important;padding-bottom: 2% !important;}&#8221;] O mundo est\u00e1 em um ponto de inflex\u00e3o cr\u00edtico. Sistemas clim\u00e1ticos, tecnol\u00f3gicos e sociais enfrentam press\u00f5es imensas. A COP 30, realizada no cora\u00e7\u00e3o da Amaz\u00f4nia, representa uma...\" \/>\n<meta property=\"og:url\" content=\"https:\/\/amazonclimatehub.org\/?page_id=74\" \/>\n<meta property=\"og:site_name\" content=\"Amazon Climate Hub\" \/>\n<meta property=\"article:publisher\" content=\"https:\/\/www.facebook.com\/arayaraoficial\" \/>\n<meta property=\"article:modified_time\" content=\"2025-10-10T13:55:20+00:00\" \/>\n<meta name=\"twitter:card\" content=\"summary_large_image\" \/>\n<meta name=\"twitter:site\" content=\"@arayaraoficial\" \/>\n<meta name=\"twitter:label1\" content=\"Est. tempo de leitura\" \/>\n\t<meta name=\"twitter:data1\" content=\"8 minutos\" \/>\n<script type=\"application\/ld+json\" class=\"yoast-schema-graph\">{\"@context\":\"https:\/\/schema.org\",\"@graph\":[{\"@type\":\"WebPage\",\"@id\":\"https:\/\/amazonclimatehub.org\/?page_id=74\",\"url\":\"https:\/\/amazonclimatehub.org\/?page_id=74\",\"name\":\"Sobre o Hub - Amazon Climate Hub\",\"isPartOf\":{\"@id\":\"https:\/\/amazonclimatehub.org\/#website\"},\"datePublished\":\"2025-08-20T16:53:25+00:00\",\"dateModified\":\"2025-10-10T13:55:20+00:00\",\"breadcrumb\":{\"@id\":\"https:\/\/amazonclimatehub.org\/?page_id=74#breadcrumb\"},\"inLanguage\":\"pt-BR\",\"potentialAction\":[{\"@type\":\"ReadAction\",\"target\":[\"https:\/\/amazonclimatehub.org\/?page_id=74\"]}]},{\"@type\":\"BreadcrumbList\",\"@id\":\"https:\/\/amazonclimatehub.org\/?page_id=74#breadcrumb\",\"itemListElement\":[{\"@type\":\"ListItem\",\"position\":1,\"name\":\"In\u00edcio\",\"item\":\"https:\/\/amazonclimatehub.org\/\"},{\"@type\":\"ListItem\",\"position\":2,\"name\":\"Sobre o Hub\"}]},{\"@type\":\"WebSite\",\"@id\":\"https:\/\/amazonclimatehub.org\/#website\",\"url\":\"https:\/\/amazonclimatehub.org\/\",\"name\":\"Amazon Climate Hub\",\"description\":\"A Casa da ARAYARA na COP30\",\"publisher\":{\"@id\":\"https:\/\/amazonclimatehub.org\/#organization\"},\"potentialAction\":[{\"@type\":\"SearchAction\",\"target\":{\"@type\":\"EntryPoint\",\"urlTemplate\":\"https:\/\/amazonclimatehub.org\/?s={search_term_string}\"},\"query-input\":{\"@type\":\"PropertyValueSpecification\",\"valueRequired\":true,\"valueName\":\"search_term_string\"}}],\"inLanguage\":\"pt-BR\"},{\"@type\":\"Organization\",\"@id\":\"https:\/\/amazonclimatehub.org\/#organization\",\"name\":\"ARAYARA\",\"url\":\"https:\/\/amazonclimatehub.org\/\",\"logo\":{\"@type\":\"ImageObject\",\"inLanguage\":\"pt-BR\",\"@id\":\"https:\/\/amazonclimatehub.org\/#\/schema\/logo\/image\/\",\"url\":\"https:\/\/amazonclimatehub.org\/wp-content\/uploads\/2025\/08\/Logo-ARAYARA-AMAZON-CLIMATE-HUB-seo@150x-100-scaled.jpg\",\"contentUrl\":\"https:\/\/amazonclimatehub.org\/wp-content\/uploads\/2025\/08\/Logo-ARAYARA-AMAZON-CLIMATE-HUB-seo@150x-100-scaled.jpg\",\"width\":2560,\"height\":1440,\"caption\":\"ARAYARA\"},\"image\":{\"@id\":\"https:\/\/amazonclimatehub.org\/#\/schema\/logo\/image\/\"},\"sameAs\":[\"https:\/\/www.facebook.com\/arayaraoficial\",\"https:\/\/x.com\/arayaraoficial\",\"https:\/\/www.instagram.com\/arayaraoficial\/\",\"https:\/\/www.youtube.com\/@ArayaraOficial\",\"https:\/\/www.linkedin.com\/company\/instituto-internacional-arayara\/\"]}]}<\/script>\n<!-- \/ Yoast SEO plugin. -->","yoast_head_json":{"title":"Sobre o Hub - Amazon Climate Hub","robots":{"index":"index","follow":"follow","max-snippet":"max-snippet:-1","max-image-preview":"max-image-preview:large","max-video-preview":"max-video-preview:-1"},"canonical":"https:\/\/amazonclimatehub.org\/?page_id=74","og_locale":"pt_BR","og_type":"article","og_title":"Sobre o Hub - Amazon Climate Hub","og_description":"[vc_row css=&#8221;.vc_custom_1760017864228{background-color: #231F59 !important;}&#8221;][vc_column][vc_column_text css=&#8221;.vc_custom_1760018020201{margin-right: 15vw !important;margin-left: 15vw !important;padding-top: 10% !important;padding-bottom: 2% !important;}&#8221;] O mundo est\u00e1 em um ponto de inflex\u00e3o cr\u00edtico. Sistemas clim\u00e1ticos, tecnol\u00f3gicos e sociais enfrentam press\u00f5es imensas. A COP 30, realizada no cora\u00e7\u00e3o da Amaz\u00f4nia, representa uma...","og_url":"https:\/\/amazonclimatehub.org\/?page_id=74","og_site_name":"Amazon Climate Hub","article_publisher":"https:\/\/www.facebook.com\/arayaraoficial","article_modified_time":"2025-10-10T13:55:20+00:00","twitter_card":"summary_large_image","twitter_site":"@arayaraoficial","twitter_misc":{"Est. tempo de leitura":"8 minutos"},"schema":{"@context":"https:\/\/schema.org","@graph":[{"@type":"WebPage","@id":"https:\/\/amazonclimatehub.org\/?page_id=74","url":"https:\/\/amazonclimatehub.org\/?page_id=74","name":"Sobre o Hub - Amazon Climate Hub","isPartOf":{"@id":"https:\/\/amazonclimatehub.org\/#website"},"datePublished":"2025-08-20T16:53:25+00:00","dateModified":"2025-10-10T13:55:20+00:00","breadcrumb":{"@id":"https:\/\/amazonclimatehub.org\/?page_id=74#breadcrumb"},"inLanguage":"pt-BR","potentialAction":[{"@type":"ReadAction","target":["https:\/\/amazonclimatehub.org\/?page_id=74"]}]},{"@type":"BreadcrumbList","@id":"https:\/\/amazonclimatehub.org\/?page_id=74#breadcrumb","itemListElement":[{"@type":"ListItem","position":1,"name":"In\u00edcio","item":"https:\/\/amazonclimatehub.org\/"},{"@type":"ListItem","position":2,"name":"Sobre o Hub"}]},{"@type":"WebSite","@id":"https:\/\/amazonclimatehub.org\/#website","url":"https:\/\/amazonclimatehub.org\/","name":"Amazon Climate Hub","description":"A Casa da ARAYARA na COP30","publisher":{"@id":"https:\/\/amazonclimatehub.org\/#organization"},"potentialAction":[{"@type":"SearchAction","target":{"@type":"EntryPoint","urlTemplate":"https:\/\/amazonclimatehub.org\/?s={search_term_string}"},"query-input":{"@type":"PropertyValueSpecification","valueRequired":true,"valueName":"search_term_string"}}],"inLanguage":"pt-BR"},{"@type":"Organization","@id":"https:\/\/amazonclimatehub.org\/#organization","name":"ARAYARA","url":"https:\/\/amazonclimatehub.org\/","logo":{"@type":"ImageObject","inLanguage":"pt-BR","@id":"https:\/\/amazonclimatehub.org\/#\/schema\/logo\/image\/","url":"https:\/\/amazonclimatehub.org\/wp-content\/uploads\/2025\/08\/Logo-ARAYARA-AMAZON-CLIMATE-HUB-seo@150x-100-scaled.jpg","contentUrl":"https:\/\/amazonclimatehub.org\/wp-content\/uploads\/2025\/08\/Logo-ARAYARA-AMAZON-CLIMATE-HUB-seo@150x-100-scaled.jpg","width":2560,"height":1440,"caption":"ARAYARA"},"image":{"@id":"https:\/\/amazonclimatehub.org\/#\/schema\/logo\/image\/"},"sameAs":["https:\/\/www.facebook.com\/arayaraoficial","https:\/\/x.com\/arayaraoficial","https:\/\/www.instagram.com\/arayaraoficial\/","https:\/\/www.youtube.com\/@ArayaraOficial","https:\/\/www.linkedin.com\/company\/instituto-internacional-arayara\/"]}]}},"_links":{"self":[{"href":"https:\/\/amazonclimatehub.org\/index.php?rest_route=\/wp\/v2\/pages\/74","targetHints":{"allow":["GET"]}}],"collection":[{"href":"https:\/\/amazonclimatehub.org\/index.php?rest_route=\/wp\/v2\/pages"}],"about":[{"href":"https:\/\/amazonclimatehub.org\/index.php?rest_route=\/wp\/v2\/types\/page"}],"author":[{"embeddable":true,"href":"https:\/\/amazonclimatehub.org\/index.php?rest_route=\/wp\/v2\/users\/5"}],"replies":[{"embeddable":true,"href":"https:\/\/amazonclimatehub.org\/index.php?rest_route=%2Fwp%2Fv2%2Fcomments&post=74"}],"version-history":[{"count":87,"href":"https:\/\/amazonclimatehub.org\/index.php?rest_route=\/wp\/v2\/pages\/74\/revisions"}],"predecessor-version":[{"id":30900,"href":"https:\/\/amazonclimatehub.org\/index.php?rest_route=\/wp\/v2\/pages\/74\/revisions\/30900"}],"wp:attachment":[{"href":"https:\/\/amazonclimatehub.org\/index.php?rest_route=%2Fwp%2Fv2%2Fmedia&parent=74"}],"curies":[{"name":"wp","href":"https:\/\/api.w.org\/{rel}","templated":true}]}}