{"id":75,"date":"2025-08-20T15:24:39","date_gmt":"2025-08-20T18:24:39","guid":{"rendered":"http:\/\/localhost\/testearayara\/?page_id=43"},"modified":"2025-08-25T17:18:47","modified_gmt":"2025-08-25T20:18:47","slug":"publicacoes","status":"publish","type":"page","link":"https:\/\/amazonclimatehub.org\/?page_id=75","title":{"rendered":"Publica\u00e7\u00f5es"},"content":{"rendered":"<div class=\"wpb-content-wrapper\"><p>[vc_row][vc_column]<div class=\"gt-blog gt-style1\"><div class=\"gt-columns gt-column-1 gt-column-space-0\"><div class=\"gt-col\"><div class=\"gt-inner\"><div class=\"gt-post-style-1 gt-sticky-post\"><div class=\"gt-image\"><a href=\"https:\/\/amazonclimatehub.org\/?p=32059\"><img fetchpriority=\"high\" decoding=\"async\" width=\"870\" height=\"550\" src=\"data:image\/svg+xml,%3Csvg%20xmlns%3D%27http:\/\/www.w3.org\/2000\/svg%27%20viewBox%3D%270%200%203%202%27%3E%3C\/svg%3E\" class=\"attachment-eventchamp-big-post size-eventchamp-big-post gt-lazy-load wp-post-image\" alt=\"\" data-src=\"https:\/\/amazonclimatehub.org\/wp-content\/uploads\/2025\/10\/Clima-em-colapso-ciencia-em-acao-grandes-pesquisadores-AMAZON-CLIMATE-HUB-ARAYARA-COP30-870x550.jpg\" \/><\/a><\/div><div class=\"gt-title\"><a href=\"https:\/\/amazonclimatehub.org\/?p=32059\">Amazon Climate Hub promove Painel de Cientistas do Clima durante a COP30, com participa\u00e7\u00e3o de Paulo Artaxo e Jeferson Choma<\/a><\/div><\/div><\/div><\/div><div class=\"gt-col\"><div class=\"gt-inner\"><div class=\"gt-post-style-1 gt-sticky-post\"><div class=\"gt-title\"><a href=\"https:\/\/amazonclimatehub.org\/?p=32004\">Oficina de Litig\u00e2ncia Clim\u00e1tica re\u00fane especialistas no Amazon Climate Hub<\/a><\/div><\/div><\/div><\/div><div class=\"gt-col\"><div class=\"gt-inner\"><div class=\"gt-post-style-1 gt-sticky-post\"><div class=\"gt-title\"><a href=\"https:\/\/amazonclimatehub.org\/?p=31981\">COP30: organiza\u00e7\u00f5es da Am\u00e9rica Latina debatem responsabilidades estatais e repara\u00e7\u00f5es justas frente \u00e0 crise clim\u00e1tica na Amaz\u00f4nia<\/a><\/div><\/div><\/div><\/div><div class=\"gt-col\"><div class=\"gt-inner\"><div class=\"gt-post-style-1 gt-sticky-post\"><div class=\"gt-title\"><a href=\"https:\/\/amazonclimatehub.org\/?p=31969\">COP30: ARAYARA Amazon Climate Hub recebe o Frontline Forum on Fossil Fuels, em debate contra a expans\u00e3o f\u00f3ssil<\/a><\/div><\/div><\/div><\/div><div class=\"gt-col\"><div class=\"gt-inner\"><div class=\"gt-post-style-1 gt-sticky-post\"><div class=\"gt-title\"><a href=\"https:\/\/amazonclimatehub.org\/?p=31967\">Juventude dos manguezais realiza atividade com cultura, ci\u00eancia e resist\u00eancia contra o petr\u00f3leo na COP30<\/a><\/div><\/div><\/div><\/div><div class=\"gt-col\"><div class=\"gt-inner\"><div class=\"gt-post-style-1 gt-sticky-post\"><div class=\"gt-title\"><a href=\"https:\/\/amazonclimatehub.org\/?p=31959\">ARAYARA Amazon Climate Hub debate novas ferramentas financeiras para frear a expans\u00e3o dos combust\u00edveis f\u00f3sseis<\/a><\/div><\/div><\/div><\/div><div class=\"gt-col\"><div class=\"gt-inner\"><div class=\"gt-post-style-1 gt-sticky-post\"><div class=\"gt-title\"><a href=\"https:\/\/amazonclimatehub.org\/?p=31942\">ARAYARA Amazon Climate Hub debate riscos do petr\u00f3leo na Amaz\u00f4nia com lan\u00e7amento do livro-reportagem \u201cAt\u00e9 a \u00daltima Gota\u201d<\/a><\/div><\/div><\/div><\/div><div class=\"gt-col\"><div class=\"gt-inner\"><div class=\"gt-post-style-1 gt-sticky-post\"><div class=\"gt-title\"><a href=\"https:\/\/amazonclimatehub.org\/?p=31903\">Territ\u00f3rios ind\u00edgenas na mira de grandes empreendimentos: do petr\u00f3leo \u00e0 minera\u00e7\u00e3o ser\u00e1 tema de debate no ARAYARA Amazon Climate Hub<\/a><\/div><\/div><\/div><\/div><div class=\"gt-col\"><div class=\"gt-inner\"><div class=\"gt-post-style-1 gt-sticky-post\"><div class=\"gt-image\"><a href=\"https:\/\/amazonclimatehub.org\/?p=31897\"><img decoding=\"async\" width=\"870\" height=\"550\" src=\"data:image\/svg+xml,%3Csvg%20xmlns%3D%27http:\/\/www.w3.org\/2000\/svg%27%20viewBox%3D%270%200%203%202%27%3E%3C\/svg%3E\" class=\"attachment-eventchamp-big-post size-eventchamp-big-post gt-lazy-load wp-post-image\" alt=\"\" data-src=\"https:\/\/amazonclimatehub.org\/wp-content\/uploads\/2025\/10\/Desafios-tecnico-economicos-da-transicao-energetica-Amazon-Climate-Hub-ARAYARA-COP30-d-1-870x550.jpg\" \/><\/a><\/div><div class=\"gt-title\"><a href=\"https:\/\/amazonclimatehub.org\/?p=31897\">Amazon Climate Hub promove debate sobre soberania, transi\u00e7\u00e3o energ\u00e9tica e papel da Petrobras e trabalhadores do setor<\/a><\/div><\/div><\/div><\/div><div class=\"gt-col\"><div class=\"gt-inner\"><div class=\"gt-post-style-1 gt-sticky-post\"><div class=\"gt-image\"><a href=\"https:\/\/amazonclimatehub.org\/?p=31856\"><img decoding=\"async\" width=\"870\" height=\"550\" src=\"data:image\/svg+xml,%3Csvg%20xmlns%3D%27http:\/\/www.w3.org\/2000\/svg%27%20viewBox%3D%270%200%203%202%27%3E%3C\/svg%3E\" class=\"attachment-eventchamp-big-post size-eventchamp-big-post gt-lazy-load wp-post-image\" alt=\"\" data-src=\"https:\/\/amazonclimatehub.org\/wp-content\/uploads\/2025\/10\/Justica-Climatica-e-Autonomia-Indigena-870x550.jpg\" \/><\/a><\/div><div class=\"gt-title\"><a href=\"https:\/\/amazonclimatehub.org\/?p=31856\">Participa\u00e7\u00e3o de povos origin\u00e1rios em decis\u00f5es clim\u00e1ticas ser\u00e1 tema de debate no ARAYARA Amazon Climate Hub, durante a COP30<\/a><\/div><\/div><\/div><\/div><div class=\"gt-col\"><div class=\"gt-inner\"><div class=\"gt-post-style-1 gt-sticky-post\"><div class=\"gt-image\"><a href=\"https:\/\/amazonclimatehub.org\/?p=31675\"><img loading=\"lazy\" decoding=\"async\" width=\"870\" height=\"550\" src=\"data:image\/svg+xml,%3Csvg%20xmlns%3D%27http:\/\/www.w3.org\/2000\/svg%27%20viewBox%3D%270%200%203%202%27%3E%3C\/svg%3E\" class=\"attachment-eventchamp-big-post size-eventchamp-big-post gt-lazy-load wp-post-image\" alt=\"\" data-src=\"https:\/\/amazonclimatehub.org\/wp-content\/uploads\/2025\/10\/10-11-A-Terra-da-a-Terra-quer-comunicar-AMAZON-CLIMATE-HUB-ARAYARA-COP30b-870x550.jpg\" \/><\/a><\/div><div class=\"gt-title\"><a href=\"https:\/\/amazonclimatehub.org\/?p=31675\">Eliane Brum e Sidarta Ribeiro realizam atividade no ARAYARA Amazon Climate Hub durante COP30<\/a><\/div><\/div><\/div><\/div><div class=\"gt-col\"><div class=\"gt-inner\"><div class=\"gt-post-style-1\"><div class=\"gt-image\"><a href=\"https:\/\/amazonclimatehub.org\/?p=27210\"><\/a><\/div><div class=\"gt-title\"><a href=\"https:\/\/amazonclimatehub.org\/?p=27210\">5\u00aa Confer\u00eancia Nacional do Meio Ambiente: emerg\u00eancia clim\u00e1tica e mobiliza\u00e7\u00e3o social<\/a><\/div><\/div><\/div><\/div><div class=\"gt-col\"><div class=\"gt-inner\"><div class=\"gt-post-style-1\"><div class=\"gt-image\"><a href=\"https:\/\/amazonclimatehub.org\/?p=27584\"><\/a><\/div><div class=\"gt-title\"><a href=\"https:\/\/amazonclimatehub.org\/?p=27584\">Lan\u00e7amento do Anu\u00e1rio Estadual de Mudan\u00e7as Clim\u00e1ticas destaca desafios e oportunidades da agenda clim\u00e1tica no Brasil<\/a><\/div><\/div><\/div><\/div><div class=\"gt-col\"><div class=\"gt-inner\"><div class=\"gt-post-style-1\"><div class=\"gt-image\"><a href=\"https:\/\/amazonclimatehub.org\/?p=27836\"><\/a><\/div><div class=\"gt-title\"><a href=\"https:\/\/amazonclimatehub.org\/?p=27836\">A \u2018lenga-lenga\u2019 e o cavalo de Troia de Lula para a Amaz\u00f4nia<\/a><\/div><\/div><\/div><\/div><div class=\"gt-col\"><div class=\"gt-inner\"><div class=\"gt-post-style-1\"><div class=\"gt-image\"><a href=\"https:\/\/amazonclimatehub.org\/?p=27993\"><\/a><\/div><div class=\"gt-title\"><a href=\"https:\/\/amazonclimatehub.org\/?p=27993\">Encontro do Observat\u00f3rio do Clima re\u00fane mais de 100 organiza\u00e7\u00f5es<\/a><\/div><\/div><\/div><\/div><div class=\"gt-col\"><div class=\"gt-inner\"><div class=\"gt-post-style-1\"><div class=\"gt-image\"><a href=\"https:\/\/amazonclimatehub.org\/?p=28181\"><\/a><\/div><div class=\"gt-title\"><a href=\"https:\/\/amazonclimatehub.org\/?p=28181\">ARAYARA na M\u00eddia: Prices in Bel\u00e9m impact COP30 and local residents<\/a><\/div><\/div><\/div><\/div><div class=\"gt-col\"><div class=\"gt-inner\"><div class=\"gt-post-style-1\"><div class=\"gt-image\"><a href=\"https:\/\/amazonclimatehub.org\/?p=28242\"><\/a><\/div><div class=\"gt-title\"><a href=\"https:\/\/amazonclimatehub.org\/?p=28242\">ARAYARA na M\u00eddia: Organiza\u00e7\u00f5es pedem medidas contra influ\u00eancia de agro e combust\u00edveis f\u00f3sseis na COP30<\/a><\/div><\/div><\/div><\/div><div class=\"gt-col\"><div class=\"gt-inner\"><div class=\"gt-post-style-1\"><div class=\"gt-image\"><a href=\"https:\/\/amazonclimatehub.org\/?p=28249\"><\/a><\/div><div class=\"gt-title\"><a href=\"https:\/\/amazonclimatehub.org\/?p=28249\">Carta aberta \u00e0 UNFCCC e \u00e0 presid\u00eancia da COP 30<\/a><\/div><\/div><\/div><\/div><div class=\"gt-col\"><div class=\"gt-inner\"><div class=\"gt-post-style-1\"><div class=\"gt-image\"><a href=\"https:\/\/amazonclimatehub.org\/?p=28269\"><\/a><\/div><div class=\"gt-title\"><a href=\"https:\/\/amazonclimatehub.org\/?p=28269\">Organiza\u00e7\u00f5es cobram transpar\u00eancia e combate ao lobby do Petr\u00f3leo, G\u00e1s e Carv\u00e3o Mineral na COP30<\/a><\/div><\/div><\/div><\/div><div class=\"gt-col\"><div class=\"gt-inner\"><div class=\"gt-post-style-1\"><div class=\"gt-image\"><a href=\"https:\/\/amazonclimatehub.org\/?p=28452\"><\/a><\/div><div class=\"gt-title\"><a href=\"https:\/\/amazonclimatehub.org\/?p=28452\">ARAYARA na M\u00eddia:<\/a><\/div><\/div><\/div><\/div><div class=\"gt-col\"><div class=\"gt-inner\"><div class=\"gt-post-style-1\"><div class=\"gt-image\"><a href=\"https:\/\/amazonclimatehub.org\/?p=28785\"><\/a><\/div><div class=\"gt-title\"><a href=\"https:\/\/amazonclimatehub.org\/?p=28785\">ARAYARA na M\u00eddia: PATROC\u00cdNIO MASTER<\/a><\/div><\/div><\/div><\/div><\/div><\/div>[\/vc_column][\/vc_row]<\/p>\n<\/div>","protected":false},"excerpt":{"rendered":"<p>[vc_row][vc_column][\/vc_column][\/vc_row]<\/p>\n","protected":false},"author":5,"featured_media":0,"parent":0,"menu_order":0,"comment_status":"open","ping_status":"open","template":"elementor_theme","meta":{"_eb_attr":"","_themeisle_gutenberg_block_has_review":false,"footnotes":""},"class_list":["post-75","page","type-page","status-publish","hentry"],"yoast_head":"<!-- This site is optimized with the Yoast SEO plugin v26.2 - https:\/\/yoast.com\/wordpress\/plugins\/seo\/ -->\n<title>Publica\u00e7\u00f5es - Amazon Climate Hub<\/title>\n<meta name=\"robots\" content=\"index, follow, max-snippet:-1, max-image-preview:large, max-video-preview:-1\" \/>\n<link rel=\"canonical\" href=\"https:\/\/amazonclimatehub.org\/?page_id=75\" \/>\n<meta property=\"og:locale\" content=\"pt_BR\" \/>\n<meta property=\"og:type\" content=\"article\" \/>\n<meta property=\"og:title\" content=\"Publica\u00e7\u00f5es - Amazon Climate Hub\" \/>\n<meta property=\"og:description\" content=\"[vc_row][vc_column][\/vc_column][\/vc_row]\" \/>\n<meta property=\"og:url\" content=\"https:\/\/amazonclimatehub.org\/?page_id=75\" \/>\n<meta property=\"og:site_name\" content=\"Amazon Climate Hub\" \/>\n<meta property=\"article:publisher\" content=\"https:\/\/www.facebook.com\/arayaraoficial\" \/>\n<meta property=\"article:modified_time\" content=\"2025-08-25T20:18:47+00:00\" \/>\n<meta name=\"twitter:card\" content=\"summary_large_image\" \/>\n<meta name=\"twitter:site\" content=\"@arayaraoficial\" \/>\n<script type=\"application\/ld+json\" class=\"yoast-schema-graph\">{\"@context\":\"https:\/\/schema.org\",\"@graph\":[{\"@type\":[\"WebPage\",\"CollectionPage\"],\"@id\":\"https:\/\/amazonclimatehub.org\/?page_id=75\",\"url\":\"https:\/\/amazonclimatehub.org\/?page_id=75\",\"name\":\"Publica\u00e7\u00f5es - Amazon Climate Hub\",\"isPartOf\":{\"@id\":\"https:\/\/amazonclimatehub.org\/#website\"},\"datePublished\":\"2025-08-20T18:24:39+00:00\",\"dateModified\":\"2025-08-25T20:18:47+00:00\",\"breadcrumb\":{\"@id\":\"https:\/\/amazonclimatehub.org\/?page_id=75#breadcrumb\"},\"inLanguage\":\"pt-BR\"},{\"@type\":\"BreadcrumbList\",\"@id\":\"https:\/\/amazonclimatehub.org\/?page_id=75#breadcrumb\",\"itemListElement\":[{\"@type\":\"ListItem\",\"position\":1,\"name\":\"In\u00edcio\",\"item\":\"https:\/\/amazonclimatehub.org\/\"},{\"@type\":\"ListItem\",\"position\":2,\"name\":\"Publica\u00e7\u00f5es\"}]},{\"@type\":\"WebSite\",\"@id\":\"https:\/\/amazonclimatehub.org\/#website\",\"url\":\"https:\/\/amazonclimatehub.org\/\",\"name\":\"Amazon Climate Hub\",\"description\":\"A Casa da ARAYARA na COP30\",\"publisher\":{\"@id\":\"https:\/\/amazonclimatehub.org\/#organization\"},\"potentialAction\":[{\"@type\":\"SearchAction\",\"target\":{\"@type\":\"EntryPoint\",\"urlTemplate\":\"https:\/\/amazonclimatehub.org\/?s={search_term_string}\"},\"query-input\":{\"@type\":\"PropertyValueSpecification\",\"valueRequired\":true,\"valueName\":\"search_term_string\"}}],\"inLanguage\":\"pt-BR\"},{\"@type\":\"Organization\",\"@id\":\"https:\/\/amazonclimatehub.org\/#organization\",\"name\":\"ARAYARA\",\"url\":\"https:\/\/amazonclimatehub.org\/\",\"logo\":{\"@type\":\"ImageObject\",\"inLanguage\":\"pt-BR\",\"@id\":\"https:\/\/amazonclimatehub.org\/#\/schema\/logo\/image\/\",\"url\":\"https:\/\/amazonclimatehub.org\/wp-content\/uploads\/2025\/08\/Logo-ARAYARA-AMAZON-CLIMATE-HUB-seo@150x-100-scaled.jpg\",\"contentUrl\":\"https:\/\/amazonclimatehub.org\/wp-content\/uploads\/2025\/08\/Logo-ARAYARA-AMAZON-CLIMATE-HUB-seo@150x-100-scaled.jpg\",\"width\":2560,\"height\":1440,\"caption\":\"ARAYARA\"},\"image\":{\"@id\":\"https:\/\/amazonclimatehub.org\/#\/schema\/logo\/image\/\"},\"sameAs\":[\"https:\/\/www.facebook.com\/arayaraoficial\",\"https:\/\/x.com\/arayaraoficial\",\"https:\/\/www.instagram.com\/arayaraoficial\/\",\"https:\/\/www.youtube.com\/@ArayaraOficial\",\"https:\/\/www.linkedin.com\/company\/instituto-internacional-arayara\/\"]}]}<\/script>\n<!-- \/ Yoast SEO plugin. -->","yoast_head_json":{"title":"Publica\u00e7\u00f5es - Amazon Climate Hub","robots":{"index":"index","follow":"follow","max-snippet":"max-snippet:-1","max-image-preview":"max-image-preview:large","max-video-preview":"max-video-preview:-1"},"canonical":"https:\/\/amazonclimatehub.org\/?page_id=75","og_locale":"pt_BR","og_type":"article","og_title":"Publica\u00e7\u00f5es - Amazon Climate Hub","og_description":"[vc_row][vc_column][\/vc_column][\/vc_row]","og_url":"https:\/\/amazonclimatehub.org\/?page_id=75","og_site_name":"Amazon Climate Hub","article_publisher":"https:\/\/www.facebook.com\/arayaraoficial","article_modified_time":"2025-08-25T20:18:47+00:00","twitter_card":"summary_large_image","twitter_site":"@arayaraoficial","schema":{"@context":"https:\/\/schema.org","@graph":[{"@type":["WebPage","CollectionPage"],"@id":"https:\/\/amazonclimatehub.org\/?page_id=75","url":"https:\/\/amazonclimatehub.org\/?page_id=75","name":"Publica\u00e7\u00f5es - Amazon Climate Hub","isPartOf":{"@id":"https:\/\/amazonclimatehub.org\/#website"},"datePublished":"2025-08-20T18:24:39+00:00","dateModified":"2025-08-25T20:18:47+00:00","breadcrumb":{"@id":"https:\/\/amazonclimatehub.org\/?page_id=75#breadcrumb"},"inLanguage":"pt-BR"},{"@type":"BreadcrumbList","@id":"https:\/\/amazonclimatehub.org\/?page_id=75#breadcrumb","itemListElement":[{"@type":"ListItem","position":1,"name":"In\u00edcio","item":"https:\/\/amazonclimatehub.org\/"},{"@type":"ListItem","position":2,"name":"Publica\u00e7\u00f5es"}]},{"@type":"WebSite","@id":"https:\/\/amazonclimatehub.org\/#website","url":"https:\/\/amazonclimatehub.org\/","name":"Amazon Climate Hub","description":"A Casa da ARAYARA na COP30","publisher":{"@id":"https:\/\/amazonclimatehub.org\/#organization"},"potentialAction":[{"@type":"SearchAction","target":{"@type":"EntryPoint","urlTemplate":"https:\/\/amazonclimatehub.org\/?s={search_term_string}"},"query-input":{"@type":"PropertyValueSpecification","valueRequired":true,"valueName":"search_term_string"}}],"inLanguage":"pt-BR"},{"@type":"Organization","@id":"https:\/\/amazonclimatehub.org\/#organization","name":"ARAYARA","url":"https:\/\/amazonclimatehub.org\/","logo":{"@type":"ImageObject","inLanguage":"pt-BR","@id":"https:\/\/amazonclimatehub.org\/#\/schema\/logo\/image\/","url":"https:\/\/amazonclimatehub.org\/wp-content\/uploads\/2025\/08\/Logo-ARAYARA-AMAZON-CLIMATE-HUB-seo@150x-100-scaled.jpg","contentUrl":"https:\/\/amazonclimatehub.org\/wp-content\/uploads\/2025\/08\/Logo-ARAYARA-AMAZON-CLIMATE-HUB-seo@150x-100-scaled.jpg","width":2560,"height":1440,"caption":"ARAYARA"},"image":{"@id":"https:\/\/amazonclimatehub.org\/#\/schema\/logo\/image\/"},"sameAs":["https:\/\/www.facebook.com\/arayaraoficial","https:\/\/x.com\/arayaraoficial","https:\/\/www.instagram.com\/arayaraoficial\/","https:\/\/www.youtube.com\/@ArayaraOficial","https:\/\/www.linkedin.com\/company\/instituto-internacional-arayara\/"]}]}},"_links":{"self":[{"href":"https:\/\/amazonclimatehub.org\/index.php?rest_route=\/wp\/v2\/pages\/75","targetHints":{"allow":["GET"]}}],"collection":[{"href":"https:\/\/amazonclimatehub.org\/index.php?rest_route=\/wp\/v2\/pages"}],"about":[{"href":"https:\/\/amazonclimatehub.org\/index.php?rest_route=\/wp\/v2\/types\/page"}],"author":[{"embeddable":true,"href":"https:\/\/amazonclimatehub.org\/index.php?rest_route=\/wp\/v2\/users\/5"}],"replies":[{"embeddable":true,"href":"https:\/\/amazonclimatehub.org\/index.php?rest_route=%2Fwp%2Fv2%2Fcomments&post=75"}],"version-history":[{"count":7,"href":"https:\/\/amazonclimatehub.org\/index.php?rest_route=\/wp\/v2\/pages\/75\/revisions"}],"predecessor-version":[{"id":3429,"href":"https:\/\/amazonclimatehub.org\/index.php?rest_route=\/wp\/v2\/pages\/75\/revisions\/3429"}],"wp:attachment":[{"href":"https:\/\/amazonclimatehub.org\/index.php?rest_route=%2Fwp%2Fv2%2Fmedia&parent=75"}],"curies":[{"name":"wp","href":"https:\/\/api.w.org\/{rel}","templated":true}]}}